{"id":10809,"date":"2019-11-15T10:27:53","date_gmt":"2019-11-15T08:27:53","guid":{"rendered":"https:\/\/nomen.es\/politica-de-privacidad-redes-sociales\/"},"modified":"2024-02-26T12:23:23","modified_gmt":"2024-02-26T11:23:23","slug":"politica-de-privacitat-xarxes-socials","status":"publish","type":"page","link":"https:\/\/nomen.es\/ca\/politica-de-privacitat-xarxes-socials\/","title":{"rendered":"Pol\u00edtica de privacitat xarxes socials"},"content":{"rendered":"<h2>1. INFORMACI\u00d3 A L&#8217;USUARI<\/h2>\n<h3>Qui \u00e9s el responsable del tractament de les seves dades personals?<\/h3>\n<p>NOMEN FOODS SL, d&#8217;ara endavant <strong>RESPONSABLE<\/strong>, informa l&#8217;<strong>USUARI<\/strong> que ha creat perfils a xarxes socials<br \/>\ncom ara Facebook, Instagram, Twitter, Linkedin, Youtube i Vimeo+, que \u00e9s el responsable del tractament de les dades personals de<br \/>\nl&#8217;usuari que es dugui a terme en aquestes xarxes socials i l&#8217;informa que aquestes dades seran tractades de conformitat amb el que disposa el<br \/>\nReglament (UE) 2016\/679, de 27 d&#8217;abril (GDPR), i la Llei org\u00e0nica 3\/2018, de 5 de desembre (LOPDGDD), per la qual cosa se li facilita la<br \/>\nseg\u00fcent informaci\u00f3 del tractament:<\/p>\n<h3>Per a qu\u00e8 tractem les seves dades personals?<\/h3>\n<p><strong>Finalitat del tractament:<\/strong> mantenir una relaci\u00f3 entre l&#8217;usuari i el RESPONSABLE que pot incloure les operacions seg\u00fcents:<\/p>\n<ul>\n<li>Tramitar sol\u00b7licituds i consultes plantejades al responsable<\/li>\n<li>Informar sobre activitats i esdeveniments organitzats pel responsable<\/li>\n<li>Informar sobre productes o serveis oferts pel responsable.<\/li>\n<li>Interactuar a trav\u00e9s dels perfils oficials.<\/li>\n<\/ul>\n<h3>Per quin motiu podem tractar les seves dades personals?<\/h3>\n<p><strong>Base jur\u00eddica del tractament<\/strong>: article 6.1.a GDPR, l&#8217;interessat ha donat el seu consentiment per al tractament de les seves<br \/>\ndades personals per a una o diverses finalitats espec\u00edfiques. L&#8217;usuari disposa d&#8217;un perfil a la mateixa xarxa social i ha decidit<br \/>\nunir-se a la xarxa social del RESPONSABLE mostrant aix\u00ed inter\u00e8s en la informaci\u00f3 que s&#8217;hi publiqui, per tant, en el moment de sol\u00b7licitar<br \/>\nseguir els nostres perfils oficials facilita el seu consentiment per al tractament d&#8217;aquelles dades personals publicades en el seu perfil.<\/p>\n<p>L&#8217;usuari pot accedir en tot moment a les pol\u00edtiques de privacitat de la pr\u00f2pia xarxa social, aix\u00ed com configurar<br \/>\nel seu perfil per garantir la seva privacitat.<\/p>\n<p>El RESPONSABLE t\u00e9 acc\u00e9s i tracta la informaci\u00f3 p\u00fablica de l&#8217;USUARI, especialment, el seu nom de contacte.<br \/>\nAquestes dades nom\u00e9s s\u00f3n utilitzades dins la mateixa xarxa social i \u00fanicament s&#8217;incorporaran a un fitxer del<br \/>\nRESPONSABLE quan sigui necessari per tramitar la petici\u00f3 de l&#8217;USUARI.<\/p>\n<h3>Durant quant de temps guardarem les seves dades personals?<\/h3>\n<p><strong>Comunicaci\u00f3 de les dades<\/strong>: l&#8217;informaci\u00f3 facilitada per l&#8217;usuari a trav\u00e9s de les xarxes socials del<br \/>\nRESPONSABLE, incloses les seves dades personals, pot ser publicada, sempre en funci\u00f3 dels serveis que l&#8217;USUARI utilitzi,<br \/>\nper la qual cosa podr\u00e0 quedar a disposici\u00f3 p\u00fablica d&#8217;altres tercers usuaris de les xarxes socials.<br \/>\nDes del perfil de cada xarxa social, l&#8217;usuari pot configurar quina informaci\u00f3 vol fer p\u00fablica en cada cas, veure els<br \/>\npermisos que s&#8217;han concedit, eliminar-los o desactivar-los, com qualsevol aplicaci\u00f3 d&#8217;un tercer que ja no es<br \/>\nvol utilitzar.<br \/>\nNo est\u00e0 prevista cap comunicaci\u00f3 de dades personals a tercers fora de la xarxa social, excepte si fos<br \/>\nimprescindible per al desenvolupament i execuci\u00f3 de les finalitats del tractament, als nostres prove\u00efdors de serveis<br \/>\nrelacionats amb comunicacions, amb els quals el RESPONSABLE t\u00e9 subscrits els contractes de confidencialitat i<br \/>\nd&#8217;encarregat de tractament exigits per la normativa vigent de privacitat.<\/p>\n<h3>Quins s\u00f3n els seus drets?<\/h3>\n<p><strong>Drets que assisteixen l&#8217;usuari<\/strong>: nom\u00e9s es podran satisfer amb relaci\u00f3 a la informaci\u00f3 que es trobi sota<br \/>\nel control del RESPONSABLE.<\/p>\n<ul>\n<li>Dret a retirar el consentiment en qualsevol moment.<\/li>\n<li>Dret d&#8217;acc\u00e9s, rectificaci\u00f3, portabilitat i supressi\u00f3 de les seves dades, i de limitaci\u00f3 o oposici\u00f3 al seu tractament.<\/li>\n<li>Dret a presentar una reclamaci\u00f3 davant l&#8217;autoritat de control (www.aepd.es) si considera que el tractament<br \/>\nno s&#8217;ajusta a la normativa vigent.<\/li>\n<\/ul>\n<p><strong>Dades de contacte per exercir els seus drets:<\/strong><\/p>\n<p>NOMEN FOODS SL. CTRA. CAMARLES-DELTEBRE, KM, 6,5 &#8211; 43580 DELTEBRE (Tarragona). Email: rrhh@nomenfoods.com<br \/>\nDatos de contacto del DPO: Teodor Gonz\u00e0lez 31, 43500 Tortosa &#8211; dpo@ateneu.eu<\/p>\n<h2>2. UTILITZACI\u00d3 DEL PERFIL<\/h2>\n<p>El RESPONSABLE dur\u00e0 a terme les actuacions seg\u00fcents:<\/p>\n<p>&#8211; Acc\u00e9s a la informaci\u00f3 p\u00fablica del perfil.<br \/>\n&#8211; Publicaci\u00f3 al perfil de l&#8217;usuari de tota aquella informaci\u00f3 ja publicada a la xarxa social del RESPONSABLE.<br \/>\n&#8211; Enviament de missatges personals i individuals a trav\u00e9s dels canals de la xarxa social.<br \/>\n&#8211; Actualitzacions de l&#8217;estat de la p\u00e0gina que es publicaran al perfil de l&#8217;usuari.<\/p>\n<p>L&#8217;usuari sempre pot controlar les seves connexions, eliminar els continguts que deixin d&#8217;interessar i restringir<br \/>\namb qui comparteix les seves connexions; per aix\u00f2 haur\u00e0 d&#8217;accedir a la seva configuraci\u00f3 de privacitat.<\/p>\n<h2>3. PUBLICACIONS<\/h2>\n<p>L&#8217;usuari, un cop sigui seguidor o s&#8217;hagi unit a la xarxa social del RESPONSABLE, hi podr\u00e0 publicar comentaris,<br \/>\nenlla\u00e7os, imatges, fotografies o qualsevol altre tipus de contingut multim\u00e8dia suportat per la xarxa. L&#8217;usuari, en tots<br \/>\nels casos, ha de ser el titular del contingut publicat, gaudir dels drets d&#8217;autor i de propietat intel\u00b7lectual o comptar<br \/>\namb el consentiment dels tercers afectats.<\/p>\n<p>Es prohibeix expressament qualsevol publicaci\u00f3 a la xarxa social, ja siguin textos, gr\u00e0fics, fotografies, v\u00eddeos, etc. que<br \/>\natemptin o siguin susceptibles d&#8217;atemptar contra la moral, l&#8217;\u00e8tica, el bon gust o el dec\u00f2rum, i que infringeixin, violin o<br \/>\ntrenquin els drets de propietat intel\u00b7lectual o industrial, el dret a la imatge o la llei.<\/p>\n<p>En aquests casos, el RESPONSABLE es reserva el dret a retirar immediatament el contingut, sense comunicaci\u00f3 pr\u00e8via,<br \/>\ni podr\u00e0 sol\u00b7licitar el bloqueig permanent de l&#8217;USUARI.<\/p>\n<p>El RESPONSABLE no es far\u00e0 responsable dels continguts que lliurement ha publicat un USUARI.<\/p>\n<p>L&#8217;usuari ha de tenir present que les seves publicacions les han de con\u00e8ixer altres usuaris, de manera que ell mateix \u00e9s el<br \/>\nprincipal responsable de la seva privacitat.<\/p>\n<p>Les imatges que puguin publicar-se a la xarxa social no seran emmagatzemades en cap fitxer del RESPONSABLE,<br \/>\nper\u00f2 s\u00ed que romandran a la xarxa social.<\/p>\n<h2>4. DADES DE MENORS D&#8217;EDAT O PERSONES AMB CAPACITATS ESPECIALS<\/h2>\n<p>L&#8217;acc\u00e9s i registre a trav\u00e9s de la xarxes socials del RESPONSABLE est\u00e0 prohibit a menors de 18 anys. Per la seva<br \/>\nbanda, si l&#8217;usuari t\u00e9 capacitats especials, ser\u00e0 necess\u00e0ria la intervenci\u00f3 de la titular de la seva p\u00e0tria potestat o<br \/>\ntutela, o del seu representant legal, mitjan\u00e7ant un document v\u00e0lid que n&#8217;acrediti la representaci\u00f3.<\/p>\n<p>El RESPONSABLE queda expressament exonerat de qualsevol responsabilitat que pogu\u00e9s derivar-se de l&#8217;\u00fas de<br \/>\nles xarxes socials per part de menors o persones amb capacitats especials. Les xarxes socials del<br \/>\nRESPONSABLE no recullen conscientment cap informaci\u00f3 personal de menors d&#8217;edat, per aix\u00f2, si l&#8217;USUARI<br \/>\n\u00e9s menor d&#8217;edat, no ha de registrar-se ni utilitzar les xarxes socials del RESPONSABLE ni tampoc<br \/>\nproporcionar cap informaci\u00f3 personal.<\/p>\n","protected":false},"excerpt":{"rendered":"<p>1. INFORMACI\u00d3 A L&#8217;USUARI Qui \u00e9s el responsable del tractament de les seves dades personals? NOMEN FOODS SL, d&#8217;ara endavant RESPONSABLE, informa l&#8217;USUARI que ha creat perfils a xarxes socials com ara Facebook, Instagram, Twitter, Linkedin, Youtube i Vimeo+, que \u00e9s el responsable del tractament de les dades personals de l&#8217;usuari que es dugui a [&hellip;]<\/p>\n","protected":false},"author":1,"featured_media":0,"parent":0,"menu_order":0,"comment_status":"closed","ping_status":"closed","template":"","meta":{"_acf_changed":false,"_et_pb_use_builder":"","_et_pb_old_content":"","_et_gb_content_width":"","inline_featured_image":false,"footnotes":""},"class_list":["post-10809","page","type-page","status-publish","hentry"],"acf":[],"yoast_head":"<!-- This site is optimized with the Yoast SEO plugin v27.4 - https:\/\/yoast.com\/product\/yoast-seo-wordpress\/ -->\n<title>Pol\u00edtica de privacitat xarxes socials - Nomen<\/title>\n<meta name=\"robots\" content=\"index, follow, max-snippet:-1, max-image-preview:large, max-video-preview:-1\" \/>\n<link rel=\"canonical\" href=\"https:\/\/nomen.es\/ca\/politica-de-privacitat-xarxes-socials\/\" \/>\n<meta property=\"og:locale\" content=\"ca_ES\" \/>\n<meta property=\"og:type\" content=\"article\" \/>\n<meta property=\"og:title\" content=\"Pol\u00edtica de privacitat xarxes socials - Nomen\" \/>\n<meta property=\"og:description\" content=\"1. INFORMACI\u00d3 A L&#8217;USUARI Qui \u00e9s el responsable del tractament de les seves dades personals? NOMEN FOODS SL, d&#8217;ara endavant RESPONSABLE, informa l&#8217;USUARI que ha creat perfils a xarxes socials com ara Facebook, Instagram, Twitter, Linkedin, Youtube i Vimeo+, que \u00e9s el responsable del tractament de les dades personals de l&#8217;usuari que es dugui a [&hellip;]\" \/>\n<meta property=\"og:url\" content=\"https:\/\/nomen.es\/ca\/politica-de-privacitat-xarxes-socials\/\" \/>\n<meta property=\"og:site_name\" content=\"Nomen\" \/>\n<meta property=\"article:modified_time\" content=\"2024-02-26T11:23:23+00:00\" \/>\n<meta name=\"twitter:label1\" content=\"Temps estimat de lectura\" \/>\n\t<meta name=\"twitter:data1\" content=\"5 minuts\" \/>\n<script type=\"application\/ld+json\" class=\"yoast-schema-graph\">{\"@context\":\"https:\\\/\\\/schema.org\",\"@graph\":[{\"@type\":\"WebPage\",\"@id\":\"https:\\\/\\\/nomen.es\\\/ca\\\/politica-de-privacitat-xarxes-socials\\\/\",\"url\":\"https:\\\/\\\/nomen.es\\\/ca\\\/politica-de-privacitat-xarxes-socials\\\/\",\"name\":\"Pol\u00edtica de privacitat xarxes socials - Nomen\",\"isPartOf\":{\"@id\":\"https:\\\/\\\/nomen.es\\\/#website\"},\"datePublished\":\"2019-11-15T08:27:53+00:00\",\"dateModified\":\"2024-02-26T11:23:23+00:00\",\"breadcrumb\":{\"@id\":\"https:\\\/\\\/nomen.es\\\/ca\\\/politica-de-privacitat-xarxes-socials\\\/#breadcrumb\"},\"inLanguage\":\"ca\",\"potentialAction\":[{\"@type\":\"ReadAction\",\"target\":[\"https:\\\/\\\/nomen.es\\\/ca\\\/politica-de-privacitat-xarxes-socials\\\/\"]}]},{\"@type\":\"BreadcrumbList\",\"@id\":\"https:\\\/\\\/nomen.es\\\/ca\\\/politica-de-privacitat-xarxes-socials\\\/#breadcrumb\",\"itemListElement\":[{\"@type\":\"ListItem\",\"position\":1,\"name\":\"Portada\",\"item\":\"https:\\\/\\\/nomen.es\\\/ca\\\/\"},{\"@type\":\"ListItem\",\"position\":2,\"name\":\"Pol\u00edtica de privacitat xarxes socials\"}]},{\"@type\":\"WebSite\",\"@id\":\"https:\\\/\\\/nomen.es\\\/#website\",\"url\":\"https:\\\/\\\/nomen.es\\\/\",\"name\":\"Nomen\",\"description\":\"Mucho m\u00e1s que arroz\",\"potentialAction\":[{\"@type\":\"SearchAction\",\"target\":{\"@type\":\"EntryPoint\",\"urlTemplate\":\"https:\\\/\\\/nomen.es\\\/?s={search_term_string}\"},\"query-input\":{\"@type\":\"PropertyValueSpecification\",\"valueRequired\":true,\"valueName\":\"search_term_string\"}}],\"inLanguage\":\"ca\"}]}<\/script>\n<!-- \/ Yoast SEO plugin. -->","yoast_head_json":{"title":"Pol\u00edtica de privacitat xarxes socials - Nomen","robots":{"index":"index","follow":"follow","max-snippet":"max-snippet:-1","max-image-preview":"max-image-preview:large","max-video-preview":"max-video-preview:-1"},"canonical":"https:\/\/nomen.es\/ca\/politica-de-privacitat-xarxes-socials\/","og_locale":"ca_ES","og_type":"article","og_title":"Pol\u00edtica de privacitat xarxes socials - Nomen","og_description":"1. INFORMACI\u00d3 A L&#8217;USUARI Qui \u00e9s el responsable del tractament de les seves dades personals? NOMEN FOODS SL, d&#8217;ara endavant RESPONSABLE, informa l&#8217;USUARI que ha creat perfils a xarxes socials com ara Facebook, Instagram, Twitter, Linkedin, Youtube i Vimeo+, que \u00e9s el responsable del tractament de les dades personals de l&#8217;usuari que es dugui a [&hellip;]","og_url":"https:\/\/nomen.es\/ca\/politica-de-privacitat-xarxes-socials\/","og_site_name":"Nomen","article_modified_time":"2024-02-26T11:23:23+00:00","twitter_misc":{"Temps estimat de lectura":"5 minuts"},"schema":{"@context":"https:\/\/schema.org","@graph":[{"@type":"WebPage","@id":"https:\/\/nomen.es\/ca\/politica-de-privacitat-xarxes-socials\/","url":"https:\/\/nomen.es\/ca\/politica-de-privacitat-xarxes-socials\/","name":"Pol\u00edtica de privacitat xarxes socials - Nomen","isPartOf":{"@id":"https:\/\/nomen.es\/#website"},"datePublished":"2019-11-15T08:27:53+00:00","dateModified":"2024-02-26T11:23:23+00:00","breadcrumb":{"@id":"https:\/\/nomen.es\/ca\/politica-de-privacitat-xarxes-socials\/#breadcrumb"},"inLanguage":"ca","potentialAction":[{"@type":"ReadAction","target":["https:\/\/nomen.es\/ca\/politica-de-privacitat-xarxes-socials\/"]}]},{"@type":"BreadcrumbList","@id":"https:\/\/nomen.es\/ca\/politica-de-privacitat-xarxes-socials\/#breadcrumb","itemListElement":[{"@type":"ListItem","position":1,"name":"Portada","item":"https:\/\/nomen.es\/ca\/"},{"@type":"ListItem","position":2,"name":"Pol\u00edtica de privacitat xarxes socials"}]},{"@type":"WebSite","@id":"https:\/\/nomen.es\/#website","url":"https:\/\/nomen.es\/","name":"Nomen","description":"Mucho m\u00e1s que arroz","potentialAction":[{"@type":"SearchAction","target":{"@type":"EntryPoint","urlTemplate":"https:\/\/nomen.es\/?s={search_term_string}"},"query-input":{"@type":"PropertyValueSpecification","valueRequired":true,"valueName":"search_term_string"}}],"inLanguage":"ca"}]}},"_links":{"self":[{"href":"https:\/\/nomen.es\/ca\/wp-json\/wp\/v2\/pages\/10809","targetHints":{"allow":["GET"]}}],"collection":[{"href":"https:\/\/nomen.es\/ca\/wp-json\/wp\/v2\/pages"}],"about":[{"href":"https:\/\/nomen.es\/ca\/wp-json\/wp\/v2\/types\/page"}],"author":[{"embeddable":true,"href":"https:\/\/nomen.es\/ca\/wp-json\/wp\/v2\/users\/1"}],"replies":[{"embeddable":true,"href":"https:\/\/nomen.es\/ca\/wp-json\/wp\/v2\/comments?post=10809"}],"version-history":[{"count":0,"href":"https:\/\/nomen.es\/ca\/wp-json\/wp\/v2\/pages\/10809\/revisions"}],"wp:attachment":[{"href":"https:\/\/nomen.es\/ca\/wp-json\/wp\/v2\/media?parent=10809"}],"curies":[{"name":"wp","href":"https:\/\/api.w.org\/{rel}","templated":true}]}}