{"id":12,"date":"2015-09-26T17:34:13","date_gmt":"2015-09-26T17:34:13","guid":{"rendered":"https:\/\/nomen.es\/?page_id=12"},"modified":"2025-03-19T17:34:11","modified_gmt":"2025-03-19T16:34:11","slug":"productes-nomen","status":"publish","type":"page","link":"https:\/\/nomen.es\/ca\/productes-nomen\/","title":{"rendered":"Productes"},"content":{"rendered":"<p>[et_pb_section fb_built=&#8221;1&#8243; fullwidth=&#8221;on&#8221; _builder_version=&#8221;4.24.2&#8243; _module_preset=&#8221;default&#8221; custom_padding=&#8221;0px||0px||false|false&#8221; global_colors_info=&#8221;{}&#8221;][et_pb_fullwidth_image src=&#8221;https:\/\/nomen.es\/wp-content\/uploads\/2015\/09\/portada-productos-nomen-scaled.jpg&#8221; title_text=&#8221;portada-productos-nomen&#8221; _builder_version=&#8221;4.24.2&#8243; _module_preset=&#8221;default&#8221; global_colors_info=&#8221;{}&#8221;][\/et_pb_fullwidth_image][\/et_pb_section][et_pb_section fb_built=&#8221;1&#8243; fullwidth=&#8221;on&#8221; _builder_version=&#8221;4.24.2&#8243; _module_preset=&#8221;default&#8221; custom_padding=&#8221;0px||0px||false|false&#8221; global_colors_info=&#8221;{}&#8221;][et_pb_fullwidth_menu menu_id=&#8221;33&#8243; fullwidth_menu=&#8221;on&#8221; active_link_color=&#8221;#DA2F36&#8243; menu_icon_color=&#8221;#333333&#8243; module_class=&#8221;productos__menu&#8221; _builder_version=&#8221;4.24.2&#8243; _module_preset=&#8221;default&#8221; menu_font=&#8221;Montserrat|500|||||||&#8221; menu_text_color=&#8221;#FFFFFF&#8221; background_color=&#8221;#4073AE&#8221; custom_padding=&#8221;|15px||15px|false|false&#8221; custom_padding_tablet=&#8221;|0px||0px|false|false&#8221; custom_padding_phone=&#8221;|0px||0px|false|false&#8221; custom_padding_last_edited=&#8221;on|tablet&#8221; global_colors_info=&#8221;{}&#8221;][\/et_pb_fullwidth_menu][\/et_pb_section][et_pb_section fb_built=&#8221;1&#8243; _builder_version=&#8221;4.24.2&#8243; _module_preset=&#8221;default&#8221; global_colors_info=&#8221;{}&#8221;][et_pb_row column_structure=&#8221;3_5,2_5&#8243; module_class=&#8221;productos__que-comeras&#8221; _builder_version=&#8221;4.24.2&#8243; _module_preset=&#8221;default&#8221; custom_padding=&#8221;||60px||false|false&#8221; border_width_bottom=&#8221;1px&#8221; border_color_bottom=&#8221;#cccccc&#8221; global_colors_info=&#8221;{}&#8221;][et_pb_column type=&#8221;3_5&#8243; _builder_version=&#8221;4.24.2&#8243; _module_preset=&#8221;default&#8221; global_colors_info=&#8221;{}&#8221;][et_pb_text _builder_version=&#8221;4.24.2&#8243; _module_preset=&#8221;default&#8221; global_colors_info=&#8221;{}&#8221;]<\/p>\n<h1>Productes<\/h1>\n<p class=\"size-subtitol-22\">Qu\u00e8 menjar\u00e0s avui? Arr\u00f2s? Pur\u00e9? Cusc\u00fas?<\/p>\n<p>[\/et_pb_text][et_pb_text _builder_version=&#8221;4.24.2&#8243; _module_preset=&#8221;default&#8221; global_colors_info=&#8221;{}&#8221;]<\/p>\n<p>Decideixis el que decideixis, aqu\u00ed trobar\u00e0s tota la gamma de <strong>productes Nomen<\/strong> amb els quals podr\u00e0s elaborar els plats m\u00e9s saborosos per a tota la fam\u00edlia. Una gran varietat d\u2019arrossos, pur\u00e9s, s\u00e8moles, farines, begudes d\u2019arr\u00f2s, pa ratllat, plats preparats i molt m\u00e9s, per portar una dieta sana i equilibrada cada dia.<\/p>\n<p>[\/et_pb_text][\/et_pb_column][et_pb_column type=&#8221;2_5&#8243; _builder_version=&#8221;4.24.2&#8243; _module_preset=&#8221;default&#8221; global_colors_info=&#8221;{}&#8221;][et_pb_blurb use_icon=&#8221;on&#8221; font_icon=&#8221;&#xe025;||divi||400&#8243; icon_color=&#8221;#999999&#8243; icon_placement=&#8221;left&#8221; image_icon_width=&#8221;22px&#8221; _builder_version=&#8221;4.24.2&#8243; _dynamic_attributes=&#8221;link_option_url&#8221; _module_preset=&#8221;default&#8221; body_text_align=&#8221;left&#8221; body_text_color=&#8221;#999999&#8243; animation=&#8221;off&#8221; link_option_url=&#8221;@ET-DC@eyJkeW5hbWljIjp0cnVlLCJjb250ZW50IjoicG9zdF9saW5rX3VybF9wYWdlIiwic2V0dGluZ3MiOnsicG9zdF9pZCI6IjkxMSJ9fQ==@&#8221; global_colors_info=&#8221;{}&#8221;]<\/p>\n<p>Taula d&#8217;al\u00b7lergens<\/p>\n<p>[\/et_pb_blurb][\/et_pb_column][\/et_pb_row][et_pb_row column_structure=&#8221;1_4,1_4,1_4,1_4&#8243; module_class=&#8221;productos__productos-grid&#8221; _builder_version=&#8221;4.24.2&#8243; _module_preset=&#8221;default&#8221; custom_padding=&#8221;60px||35px||false|false&#8221; global_colors_info=&#8221;{}&#8221;][et_pb_column type=&#8221;1_4&#8243; _builder_version=&#8221;4.24.2&#8243; _module_preset=&#8221;default&#8221; global_colors_info=&#8221;{}&#8221;][et_pb_blurb image=&#8221;https:\/\/nomen.es\/wp-content\/uploads\/2015\/10\/arroz-redondo-nomen-earth.jpg&#8221; admin_label=&#8221;Arr\u00f2s&#8221; _builder_version=&#8221;4.24.2&#8243; _dynamic_attributes=&#8221;link_option_url&#8221; _module_preset=&#8221;default&#8221; body_text_align=&#8221;center&#8221; body_text_color=&#8221;#4073AE&#8221; animation=&#8221;off&#8221; link_option_url=&#8221;@ET-DC@eyJkeW5hbWljIjp0cnVlLCJjb250ZW50IjoicG9zdF9saW5rX3VybF9wYWdlIiwic2V0dGluZ3MiOnsicG9zdF9pZCI6IjEwMCJ9fQ==@&#8221; global_colors_info=&#8221;{}&#8221;]<\/p>\n<p>Arr\u00f2s<\/p>\n<p>[\/et_pb_blurb][\/et_pb_column][et_pb_column type=&#8221;1_4&#8243; _builder_version=&#8221;4.24.2&#8243; _module_preset=&#8221;default&#8221; global_colors_info=&#8221;{}&#8221;][et_pb_blurb image=&#8221;https:\/\/nomen.es\/wp-content\/uploads\/2015\/09\/fideua.png&#8221; admin_label=&#8221;Plats preparats&#8221; _builder_version=&#8221;4.24.2&#8243; _dynamic_attributes=&#8221;link_option_url&#8221; _module_preset=&#8221;default&#8221; body_text_align=&#8221;center&#8221; body_text_color=&#8221;#4073AE&#8221; animation=&#8221;off&#8221; link_option_url=&#8221;@ET-DC@eyJkeW5hbWljIjp0cnVlLCJjb250ZW50IjoicG9zdF9saW5rX3VybF9wYWdlIiwic2V0dGluZ3MiOnsicG9zdF9pZCI6IjEwMyJ9fQ==@&#8221; locked=&#8221;off&#8221; global_colors_info=&#8221;{}&#8221;]<\/p>\n<p>Plats preparats<\/p>\n<p>[\/et_pb_blurb][\/et_pb_column][et_pb_column type=&#8221;1_4&#8243; _builder_version=&#8221;4.24.2&#8243; _module_preset=&#8221;default&#8221; global_colors_info=&#8221;{}&#8221;][et_pb_blurb image=&#8221;https:\/\/nomen.es\/wp-content\/uploads\/2021\/03\/nomen-harina-trigo-tradicional.jpg&#8221; admin_label=&#8221;Farines&#8221; _builder_version=&#8221;4.24.2&#8243; _dynamic_attributes=&#8221;link_option_url&#8221; _module_preset=&#8221;default&#8221; body_text_align=&#8221;center&#8221; body_text_color=&#8221;#4073AE&#8221; animation=&#8221;off&#8221; link_option_url=&#8221;@ET-DC@eyJkeW5hbWljIjp0cnVlLCJjb250ZW50IjoicG9zdF9saW5rX3VybF9wYWdlIiwic2V0dGluZ3MiOnsicG9zdF9pZCI6IjEwOSJ9fQ==@&#8221; locked=&#8221;off&#8221; global_colors_info=&#8221;{}&#8221;]<\/p>\n<p>Farines<\/p>\n<p>[\/et_pb_blurb][\/et_pb_column][et_pb_column type=&#8221;1_4&#8243; _builder_version=&#8221;4.24.2&#8243; _module_preset=&#8221;default&#8221; global_colors_info=&#8221;{}&#8221;][et_pb_blurb image=&#8221;https:\/\/nomen.es\/wp-content\/uploads\/2015\/10\/nomen-semola-trigo.jpg&#8221; admin_label=&#8221;S\u00e8moles&#8221; _builder_version=&#8221;4.24.2&#8243; _dynamic_attributes=&#8221;link_option_url&#8221; _module_preset=&#8221;default&#8221; body_text_align=&#8221;center&#8221; body_text_color=&#8221;#4073AE&#8221; animation=&#8221;off&#8221; link_option_url=&#8221;@ET-DC@eyJkeW5hbWljIjp0cnVlLCJjb250ZW50IjoicG9zdF9saW5rX3VybF9wYWdlIiwic2V0dGluZ3MiOnsicG9zdF9pZCI6IjExMiJ9fQ==@&#8221; global_colors_info=&#8221;{}&#8221;]<\/p>\n<p>S\u00e8moles<\/p>\n<p>[\/et_pb_blurb][\/et_pb_column][\/et_pb_row][et_pb_row column_structure=&#8221;1_4,1_4,1_4,1_4&#8243; module_class=&#8221;productos__productos-grid&#8221; _builder_version=&#8221;4.24.2&#8243; _module_preset=&#8221;default&#8221; custom_padding=&#8221;35px||60px||false|false&#8221; global_colors_info=&#8221;{}&#8221;][et_pb_column type=&#8221;1_4&#8243; _builder_version=&#8221;4.24.2&#8243; _module_preset=&#8221;default&#8221; global_colors_info=&#8221;{}&#8221;][et_pb_blurb image=&#8221;https:\/\/nomen.es\/wp-content\/uploads\/2023\/12\/nuevos-vasito-arroz-nomen-2023-2.png&#8221; admin_label=&#8221;Vasets d&#8217;arr\u00f2s&#8221; _builder_version=&#8221;4.24.2&#8243; _dynamic_attributes=&#8221;link_option_url&#8221; _module_preset=&#8221;default&#8221; body_text_align=&#8221;center&#8221; body_text_color=&#8221;#4073AE&#8221; animation=&#8221;off&#8221; link_option_url=&#8221;@ET-DC@eyJkeW5hbWljIjp0cnVlLCJjb250ZW50IjoicG9zdF9saW5rX3VybF9wYWdlIiwic2V0dGluZ3MiOnsicG9zdF9pZCI6IjcxMjcifX0=@&#8221; locked=&#8221;off&#8221; global_colors_info=&#8221;{}&#8221;]<\/p>\n<p>Vasets d&#8217;arr\u00f2s<\/p>\n<p>[\/et_pb_blurb][\/et_pb_column][et_pb_column type=&#8221;1_4&#8243; _builder_version=&#8221;4.24.2&#8243; _module_preset=&#8221;default&#8221; global_colors_info=&#8221;{}&#8221;][et_pb_blurb image=&#8221;https:\/\/nomen.es\/wp-content\/uploads\/2024\/02\/nomen-calidad1minuto-slider-esp-1.png&#8221; admin_label=&#8221;Gamma Qualitat 1 Minut&#8221; _builder_version=&#8221;4.24.2&#8243; _dynamic_attributes=&#8221;link_option_url&#8221; _module_preset=&#8221;default&#8221; body_text_align=&#8221;center&#8221; body_text_color=&#8221;#4073AE&#8221; animation=&#8221;off&#8221; link_option_url=&#8221;@ET-DC@eyJkeW5hbWljIjp0cnVlLCJjb250ZW50IjoicG9zdF9saW5rX3VybF9wYWdlIiwic2V0dGluZ3MiOnsicG9zdF9pZCI6IjEzNzcyIn19@&#8221; global_colors_info=&#8221;{}&#8221;]<\/p>\n<p>Gamma Qualitat 1 Minut<\/p>\n<p>[\/et_pb_blurb][\/et_pb_column][et_pb_column type=&#8221;1_4&#8243; _builder_version=&#8221;4.24.2&#8243; _module_preset=&#8221;default&#8221; global_colors_info=&#8221;{}&#8221;][et_pb_blurb image=&#8221;https:\/\/nomen.es\/wp-content\/uploads\/2020\/04\/Cous-Cous-Nomen-500-gr-LATERAL.jpg&#8221; admin_label=&#8221;Altres&#8221; _builder_version=&#8221;4.24.2&#8243; _dynamic_attributes=&#8221;link_option_url&#8221; _module_preset=&#8221;default&#8221; body_text_align=&#8221;center&#8221; body_text_color=&#8221;#4073AE&#8221; animation=&#8221;off&#8221; link_option_url=&#8221;@ET-DC@eyJkeW5hbWljIjp0cnVlLCJjb250ZW50IjoicG9zdF9saW5rX3VybF9wYWdlIiwic2V0dGluZ3MiOnsicG9zdF9pZCI6IjExOSJ9fQ==@&#8221; locked=&#8221;off&#8221; global_colors_info=&#8221;{}&#8221;]<\/p>\n<p>Altres<\/p>\n<p>[\/et_pb_blurb][\/et_pb_column][et_pb_column type=&#8221;1_4&#8243; _builder_version=&#8221;4.24.2&#8243; _module_preset=&#8221;default&#8221; global_colors_info=&#8221;{}&#8221;][\/et_pb_column][\/et_pb_row][et_pb_row _builder_version=&#8221;4.24.2&#8243; _module_preset=&#8221;default&#8221; custom_padding=&#8221;60px||15px||false|false&#8221; border_width_top=&#8221;1px&#8221; border_color_top=&#8221;#cccccc&#8221; global_colors_info=&#8221;{}&#8221;][et_pb_column type=&#8221;4_4&#8243; _builder_version=&#8221;4.24.2&#8243; _module_preset=&#8221;default&#8221; global_colors_info=&#8221;{}&#8221;][et_pb_text _builder_version=&#8221;4.24.2&#8243; _module_preset=&#8221;default&#8221; global_colors_info=&#8221;{}&#8221;]<\/p>\n<h2>Descobreix la nostra gamma de productes Nomen!<\/h2>\n<p>[\/et_pb_text][\/et_pb_column][\/et_pb_row][et_pb_row column_structure=&#8221;1_2,1_2&#8243; _builder_version=&#8221;4.24.2&#8243; _module_preset=&#8221;default&#8221; custom_padding=&#8221;0px||||false|false&#8221; global_colors_info=&#8221;{}&#8221;][et_pb_column type=&#8221;1_2&#8243; _builder_version=&#8221;4.24.2&#8243; _module_preset=&#8221;default&#8221; global_colors_info=&#8221;{}&#8221;][et_pb_text _builder_version=&#8221;4.24.2&#8243; _module_preset=&#8221;default&#8221; custom_css_free_form=&#8221;selector p {font-size: 14px;}&#8221; global_colors_info=&#8221;{}&#8221;]<\/p>\n<p>Explora la gran varietat d&#8217;especialitats d&#8217;<strong>arr\u00f2s<\/strong> Nomen i descobreix la gamma m\u00e9s \u00e0mplia d&#8217;arrossos del m\u00f3n: bomba, extra, ecol\u00f2gic, integral, arbori, basmati, salvatge, thai\u2026 per a elaborar des dels arrossos m\u00e9s tradicionals fins als m\u00e9s ex\u00f2tics. I per a receptes de cullera, amanides i dol\u00e7os, tasta la nostra gran selecci\u00f3 d&#8217;arrossos de la gamma <strong>Les teves receptes<\/strong>. Prepara un delici\u00f3s primer plat o un acompanyament perfecte per a carns, peixos, verdures o ous amb els nostres <strong>pur\u00e9s<\/strong> de patates instantanis (amb llet o sense), una de les guarnicions preferides de nens i adults. Si et fa falta temps per a cuinar, no et preocupis, t&#8217;oferim <strong>plats preparats<\/strong> per a fer-te la vida m\u00e9s f\u00e0cil. Amb els vasets d&#8217;arr\u00f2s Nomen en nom\u00e9s 1 minut tindr\u00e0s una deliciosa guarnici\u00f3 o un arr\u00f2s per a preparar les teves receptes favorites, i amb la cuina mediterr\u00e0nia de Nomen podr\u00e0s gaudir de plats t\u00edpics com fideuada i arr\u00f2s negre sense passar-te hores a la cuina.<\/p>\n<p>[\/et_pb_text][\/et_pb_column][et_pb_column type=&#8221;1_2&#8243; _builder_version=&#8221;4.24.2&#8243; _module_preset=&#8221;default&#8221; global_colors_info=&#8221;{}&#8221;][et_pb_text _builder_version=&#8221;4.24.2&#8243; _module_preset=&#8221;default&#8221; custom_css_free_form=&#8221;selector p {font-size: 14px;}&#8221; locked=&#8221;off&#8221; global_colors_info=&#8221;{}&#8221;]<\/p>\n<p>Et ve de gust tastar coses noves? El blat tendre i el cusc\u00fas s\u00f3n altres aliments que donen molt de joc a la cuina i es converteixen en una alternativa original per a una dieta equilibrada. I si busques una beguda natural, lleugera, nutritiva i sense gluten per a esmorzar o berenar, t&#8217;encantaran les nostres <strong>begudes d&#8217;arr\u00f2s<\/strong> i d&#8217;<strong>arr\u00f2s amb cacau<\/strong>. Ideal per a tota la fam\u00edlia i tamb\u00e9 per a preparar gelats, batuts i rebosteria. A m\u00e9s, entre els productes Nomen trobar\u00e0s <strong>farines<\/strong> (d&#8217;arr\u00f2s, de blat i de blat integral), <strong>s\u00e8moles<\/strong> (d&#8217;arr\u00f2s i de blat) i <strong>pa ratllat<\/strong> per a arrebossats, per a rebosteria, per a fer masses, per a espessir salses o per a preparar sopes i farinetes infantils. A Nomen seleccionem acuradament els ingredients i utilitzem el proc\u00e9s d&#8217;envasament m\u00e9s adequat per a oferir productes de m\u00e0xima qualitat, amb un sabor excel\u00b7lent i amb totes les propietats nutricionals.<\/p>\n<p>[\/et_pb_text][\/et_pb_column][\/et_pb_row][\/et_pb_section]<\/p>\n","protected":false},"excerpt":{"rendered":"<p>Productes Qu\u00e8 menjar\u00e0s avui? Arr\u00f2s? Pur\u00e9? Cusc\u00fas?Decideixis el que decideixis, aqu\u00ed trobar\u00e0s tota la gamma de productes Nomen amb els quals podr\u00e0s elaborar els plats m\u00e9s saborosos per a tota la fam\u00edlia. Una gran varietat d\u2019arrossos, pur\u00e9s, s\u00e8moles, farines, begudes d\u2019arr\u00f2s, pa ratllat, plats preparats i molt m\u00e9s, per portar una dieta sana i equilibrada [&hellip;]<\/p>\n","protected":false},"author":1,"featured_media":0,"parent":0,"menu_order":0,"comment_status":"closed","ping_status":"closed","template":"","meta":{"_acf_changed":false,"_et_pb_use_builder":"on","_et_pb_old_content":"","_et_gb_content_width":"","inline_featured_image":false,"footnotes":""},"class_list":["post-12","page","type-page","status-publish","hentry"],"acf":[],"yoast_head":"<!-- This site is optimized with the Yoast SEO plugin v27.4 - https:\/\/yoast.com\/product\/yoast-seo-wordpress\/ -->\n<title>Productes Nomen - Descobreix la nostra gamma de productes<\/title>\n<meta name=\"description\" content=\"Descobreix l&#039;\u00e0mplia gamma de productes Nomen. Una gran varietat d&#039;arrossos, plats preparats i molt m\u00e9s, per portar una dieta sana i equilibrada.\" \/>\n<meta name=\"robots\" content=\"index, follow, max-snippet:-1, max-image-preview:large, max-video-preview:-1\" \/>\n<link rel=\"canonical\" href=\"https:\/\/nomen.es\/ca\/productes-nomen\/\" \/>\n<meta property=\"og:locale\" content=\"ca_ES\" \/>\n<meta property=\"og:type\" content=\"article\" \/>\n<meta property=\"og:title\" content=\"Productes Nomen - Descobreix la nostra gamma de productes\" \/>\n<meta property=\"og:description\" content=\"Descobreix l&#039;\u00e0mplia gamma de productes Nomen. Una gran varietat d&#039;arrossos, plats preparats i molt m\u00e9s, per portar una dieta sana i equilibrada.\" \/>\n<meta property=\"og:url\" content=\"https:\/\/nomen.es\/ca\/productes-nomen\/\" \/>\n<meta property=\"og:site_name\" content=\"Nomen\" \/>\n<meta property=\"article:modified_time\" content=\"2025-03-19T16:34:11+00:00\" \/>\n<meta name=\"twitter:label1\" content=\"Temps estimat de lectura\" \/>\n\t<meta name=\"twitter:data1\" content=\"4 minuts\" \/>\n<script type=\"application\/ld+json\" class=\"yoast-schema-graph\">{\"@context\":\"https:\\\/\\\/schema.org\",\"@graph\":[{\"@type\":\"WebPage\",\"@id\":\"https:\\\/\\\/nomen.es\\\/ca\\\/productes-nomen\\\/\",\"url\":\"https:\\\/\\\/nomen.es\\\/ca\\\/productes-nomen\\\/\",\"name\":\"Productes Nomen - Descobreix la nostra gamma de productes\",\"isPartOf\":{\"@id\":\"https:\\\/\\\/nomen.es\\\/#website\"},\"datePublished\":\"2015-09-26T17:34:13+00:00\",\"dateModified\":\"2025-03-19T16:34:11+00:00\",\"description\":\"Descobreix l'\u00e0mplia gamma de productes Nomen. Una gran varietat d'arrossos, plats preparats i molt m\u00e9s, per portar una dieta sana i equilibrada.\",\"breadcrumb\":{\"@id\":\"https:\\\/\\\/nomen.es\\\/ca\\\/productes-nomen\\\/#breadcrumb\"},\"inLanguage\":\"ca\",\"potentialAction\":[{\"@type\":\"ReadAction\",\"target\":[\"https:\\\/\\\/nomen.es\\\/ca\\\/productes-nomen\\\/\"]}]},{\"@type\":\"BreadcrumbList\",\"@id\":\"https:\\\/\\\/nomen.es\\\/ca\\\/productes-nomen\\\/#breadcrumb\",\"itemListElement\":[{\"@type\":\"ListItem\",\"position\":1,\"name\":\"Portada\",\"item\":\"https:\\\/\\\/nomen.es\\\/ca\\\/\"},{\"@type\":\"ListItem\",\"position\":2,\"name\":\"Productes\"}]},{\"@type\":\"WebSite\",\"@id\":\"https:\\\/\\\/nomen.es\\\/#website\",\"url\":\"https:\\\/\\\/nomen.es\\\/\",\"name\":\"Nomen\",\"description\":\"Mucho m\u00e1s que arroz\",\"potentialAction\":[{\"@type\":\"SearchAction\",\"target\":{\"@type\":\"EntryPoint\",\"urlTemplate\":\"https:\\\/\\\/nomen.es\\\/?s={search_term_string}\"},\"query-input\":{\"@type\":\"PropertyValueSpecification\",\"valueRequired\":true,\"valueName\":\"search_term_string\"}}],\"inLanguage\":\"ca\"}]}<\/script>\n<!-- \/ Yoast SEO plugin. -->","yoast_head_json":{"title":"Productes Nomen - Descobreix la nostra gamma de productes","description":"Descobreix l'\u00e0mplia gamma de productes Nomen. Una gran varietat d'arrossos, plats preparats i molt m\u00e9s, per portar una dieta sana i equilibrada.","robots":{"index":"index","follow":"follow","max-snippet":"max-snippet:-1","max-image-preview":"max-image-preview:large","max-video-preview":"max-video-preview:-1"},"canonical":"https:\/\/nomen.es\/ca\/productes-nomen\/","og_locale":"ca_ES","og_type":"article","og_title":"Productes Nomen - Descobreix la nostra gamma de productes","og_description":"Descobreix l'\u00e0mplia gamma de productes Nomen. Una gran varietat d'arrossos, plats preparats i molt m\u00e9s, per portar una dieta sana i equilibrada.","og_url":"https:\/\/nomen.es\/ca\/productes-nomen\/","og_site_name":"Nomen","article_modified_time":"2025-03-19T16:34:11+00:00","twitter_misc":{"Temps estimat de lectura":"4 minuts"},"schema":{"@context":"https:\/\/schema.org","@graph":[{"@type":"WebPage","@id":"https:\/\/nomen.es\/ca\/productes-nomen\/","url":"https:\/\/nomen.es\/ca\/productes-nomen\/","name":"Productes Nomen - Descobreix la nostra gamma de productes","isPartOf":{"@id":"https:\/\/nomen.es\/#website"},"datePublished":"2015-09-26T17:34:13+00:00","dateModified":"2025-03-19T16:34:11+00:00","description":"Descobreix l'\u00e0mplia gamma de productes Nomen. Una gran varietat d'arrossos, plats preparats i molt m\u00e9s, per portar una dieta sana i equilibrada.","breadcrumb":{"@id":"https:\/\/nomen.es\/ca\/productes-nomen\/#breadcrumb"},"inLanguage":"ca","potentialAction":[{"@type":"ReadAction","target":["https:\/\/nomen.es\/ca\/productes-nomen\/"]}]},{"@type":"BreadcrumbList","@id":"https:\/\/nomen.es\/ca\/productes-nomen\/#breadcrumb","itemListElement":[{"@type":"ListItem","position":1,"name":"Portada","item":"https:\/\/nomen.es\/ca\/"},{"@type":"ListItem","position":2,"name":"Productes"}]},{"@type":"WebSite","@id":"https:\/\/nomen.es\/#website","url":"https:\/\/nomen.es\/","name":"Nomen","description":"Mucho m\u00e1s que arroz","potentialAction":[{"@type":"SearchAction","target":{"@type":"EntryPoint","urlTemplate":"https:\/\/nomen.es\/?s={search_term_string}"},"query-input":{"@type":"PropertyValueSpecification","valueRequired":true,"valueName":"search_term_string"}}],"inLanguage":"ca"}]}},"_links":{"self":[{"href":"https:\/\/nomen.es\/ca\/wp-json\/wp\/v2\/pages\/12","targetHints":{"allow":["GET"]}}],"collection":[{"href":"https:\/\/nomen.es\/ca\/wp-json\/wp\/v2\/pages"}],"about":[{"href":"https:\/\/nomen.es\/ca\/wp-json\/wp\/v2\/types\/page"}],"author":[{"embeddable":true,"href":"https:\/\/nomen.es\/ca\/wp-json\/wp\/v2\/users\/1"}],"replies":[{"embeddable":true,"href":"https:\/\/nomen.es\/ca\/wp-json\/wp\/v2\/comments?post=12"}],"version-history":[{"count":2,"href":"https:\/\/nomen.es\/ca\/wp-json\/wp\/v2\/pages\/12\/revisions"}],"predecessor-version":[{"id":46158,"href":"https:\/\/nomen.es\/ca\/wp-json\/wp\/v2\/pages\/12\/revisions\/46158"}],"wp:attachment":[{"href":"https:\/\/nomen.es\/ca\/wp-json\/wp\/v2\/media?parent=12"}],"curies":[{"name":"wp","href":"https:\/\/api.w.org\/{rel}","templated":true}]}}