{"id":1368,"date":"2015-12-02T11:06:09","date_gmt":"2015-12-02T11:06:09","guid":{"rendered":"https:\/\/nomen.es\/ca\/?page_id=1368"},"modified":"2024-02-27T16:14:50","modified_gmt":"2024-02-27T15:14:50","slug":"politica-de-privacitat","status":"publish","type":"page","link":"https:\/\/nomen.es\/ca\/politica-de-privacitat\/","title":{"rendered":"Pol\u00edtica de privacitat"},"content":{"rendered":"<p><strong>1. INFORMACI\u00d3 A L&#8217;USUARI<\/strong><br data-brackets-id=\"84\" \/>NOMEN FOODS SL, des d&#8217;ara RESPONSABLE, \u00e9s el Responsable del Tractament de les dades<br \/>\npersonals de l&#8217;Usuari i l&#8217;informa que aquestes dades seran tractades de conformitat amb el que disposa<br \/>\nel Reglament (UE) 2016\/679 de 27 d&#8217;abril de 2016 (GDPR) i la Llei Org\u00e0nica 3\/2018, de 5 de desembre<br \/>\n(LOPDGDD), pel que se li facilita la seg\u00fcent informaci\u00f3 del tractament:<br \/>\nFi del tractament: mantenir una relaci\u00f3 comercial amb l&#8217;Usuari. Les operacions previstes per realitzar<br \/>\nel tractament s\u00f3n:<br \/>\nRemissi\u00f3 de comunicacions comercials publicit\u00e0ries per email, fax, SMS, MMS, comunitats socials o qualsevol<br \/>\naltre mitj\u00e0 electr\u00f2nic o f\u00edsic, present o futur, que possibiliti realitzar comunicacions comercials. Aquestes<br \/>\ncomunicacions seran realitzades pel RESPONSABLE i relacionades sobre els seus productes i serveis, o dels seus<br \/>\ncol\u00b7laboradors o prove\u00efdors amb els que aquest hagi arribat a algun acord de promoci\u00f3. En aquest cas, els tercers<br \/>\nmai tindran acc\u00e9s a les dades personals.<br \/>\nRealitzar estudis estad\u00edstics.<br \/>\nTramitar enc\u00e0rrecs de peticions o qualsevol tipus de petici\u00f3 que sigui realitzada per l&#8217;usuari a<br \/>\ntrav\u00e9s de qualsevol de les formes de contacte que es posen a la seva disposici\u00f3.<br \/>\nRemetre el butllet\u00ed de not\u00edcies de la p\u00e0gina web.<br \/>\nBase jur\u00eddica del tractament: consentiment de l&#8217;interessat.<br \/>\nCriteris de conservaci\u00f3 de les dades: es conservaran durant no m\u00e9s temps del necessari per<br \/>\nmantenir la fi del tractament i quan ja no sigui necessari per a tal fi, es suprimiran amb mesures de<br \/>\nseguretat adequades per garantir la pseudonimitzaci\u00f3 de les dades o la destrucci\u00f3 total de les<br \/>\nmateixes.<br \/>\nComunicaci\u00f3 de les dades: No es comunicaran les dades a tercers, excepte per obligaci\u00f3 legal.<br \/>\nDrets que assisteixen l&#8217;Usuari:<br \/>\n&#8211; Dret a retirar el consentiment en qualsevol moment.<br \/>\n&#8211; Dret d&#8217;acc\u00e9s, rectificaci\u00f3, portabilitat i supressi\u00f3 de les seves dades i de la limitaci\u00f3 o oposici\u00f3 al seu<br \/>\ntractament.<br \/>\n&#8211; Dret a presentar una reclamaci\u00f3 davant l&#8217;Autoritat de Control (www.aepd.es) si considera que el<br \/>\ntractament no s&#8217;ajusta a la normativa vigent.<br \/>\nDades de contacte per exercir els seus drets:<br \/>\nNOMEN FOODS SL. CTRA. CAMARLES-DELTEBRE, KM, 6,5 &#8211; 43580 DELTEBRE (Tarragona).<br \/>\nEmail: rrhh@nomenfoods.com<br \/>\nDades de contacte del DPO: Teodor Gonz\u00e0lez 31, 43500 Tortosa &#8211; fmcanalda@ateneu.eu<\/p>\n<p><strong>2. CAR\u00c0CTER OBLIGATORI O FACULTATIU DE LA INFORMACI\u00d3 FACILITADA PER L&#8217;USUARI<\/strong><br data-brackets-id=\"104\" \/>Els Usuaris, mitjan\u00e7ant la marcaci\u00f3 de les caselles corresponents i entrada de dades en els camps,<br \/>\nmarcats amb un asterisc (*) en el formulari de contacte o presentats en formularis de desc\u00e0rrega,<br \/>\naccepten expressament i de forma lliure i inequ\u00edvoca, que les seves dades s\u00f3n necess\u00e0ries per<br \/>\natendre la seva petici\u00f3, per part del prestador, sent volunt\u00e0ria la inclusi\u00f3 de dades en els camps<br \/>\nrestants. L&#8217;Usuari garanteix que les dades personals facilitades al RESPONSABLE s\u00f3n veraces i es fa<br \/>\nresponsable de comunicar qualsevol modificaci\u00f3 de les mateixes.<br \/>\nEl RESPONSABLE informa i garanteix expressament als usuaris que les seves dades personals no<br \/>\nseran cedides en cap cas a tercers, i que sempre que realitz\u00e9s algun tipus de cessi\u00f3 de dades<br \/>\npersonals, es demanar\u00e0 pr\u00e8viament el consentiment expr\u00e9s, informat i inequ\u00edvoc per part dels Usuaris.<br \/>\nTotes les dades sol\u00b7licitades a trav\u00e9s del lloc web s\u00f3n obligatoris, ja que s\u00f3n necessaris per a la<br \/>\nprestaci\u00f3 d&#8217;un servei \u00f2ptim a l&#8217;usuari. En cas que no siguin facilitades totes les dades, no es garanteix<br \/>\nque la informaci\u00f3 i serveis facilitats siguin completament ajustats a les seves necessitats.<br \/>\n<br data-brackets-id=\"98\" \/><br data-brackets-id=\"99\" \/><strong>3. MESURES DE SEGURETAT<\/strong><br data-brackets-id=\"100\" \/>Que de conformitat amb el que disposen les normatives vigents en protecci\u00f3 de dades personals, el<br \/>\nRESPONSABLE est\u00e0 complint amb totes les disposicions de les normatives GDPR per al tractament<br \/>\nde les dades personals de la seva responsabilitat, i manifestament amb els principis descrits a l&#8217;article<br \/>\n5 de l&#8217;GDPR, pels qual s\u00f3n tractats de manera l\u00edcita, lleial i transparent en relaci\u00f3 amb l&#8217;interessat i<br \/>\nadequades, pertinents i limitats al que necessari en relaci\u00f3 amb els fins per als quals s\u00f3n tractats.<br \/>\nEl RESPONSABLE garanteix que ha implementat pol\u00edtiques t\u00e8cniques i organitzatives apropiades per<br \/>\naplicar les mesures de seguretat que estableixen l&#8217;GDPR per tal de protegir els drets i llibertats dels<br \/>\nUsuaris i els ha comunicat la informaci\u00f3 adequada perqu\u00e8 puguin exercir-los.<br \/>\nDatos de contacto del DPO: Teodor Gonz\u00e0lez 31, 43500 Tortosa \u2013 canviar fmcanalda@ateneu.eu per dpo@ateneu.eu<\/p>\n<p>Consulta tamb\u00e9 les <a href=\"https:\/\/nomen.es\/ca\/politica-de-privacitat-xarxes-socials\/\">pol\u00edtiques de privacitat de les xarxes socials.<\/a><\/p>\n<div style=\"height:58px;\"><\/div>\n","protected":false},"excerpt":{"rendered":"<p>1. INFORMACI\u00d3 A L&#8217;USUARINOMEN FOODS SL, des d&#8217;ara RESPONSABLE, \u00e9s el Responsable del Tractament de les dades personals de l&#8217;Usuari i l&#8217;informa que aquestes dades seran tractades de conformitat amb el que disposa el Reglament (UE) 2016\/679 de 27 d&#8217;abril de 2016 (GDPR) i la Llei Org\u00e0nica 3\/2018, de 5 de desembre (LOPDGDD), pel que [&hellip;]<\/p>\n","protected":false},"author":1,"featured_media":0,"parent":0,"menu_order":0,"comment_status":"closed","ping_status":"closed","template":"","meta":{"_acf_changed":false,"_et_pb_use_builder":"","_et_pb_old_content":"","_et_gb_content_width":"","inline_featured_image":false,"footnotes":""},"class_list":["post-1368","page","type-page","status-publish","hentry"],"acf":[],"yoast_head":"<!-- This site is optimized with the Yoast SEO plugin v27.4 - https:\/\/yoast.com\/product\/yoast-seo-wordpress\/ -->\n<title>Pol\u00edtica de privacitat - Nomen<\/title>\n<meta name=\"robots\" content=\"index, follow, max-snippet:-1, max-image-preview:large, max-video-preview:-1\" \/>\n<link rel=\"canonical\" href=\"https:\/\/nomen.es\/ca\/politica-de-privacitat\/\" \/>\n<meta property=\"og:locale\" content=\"ca_ES\" \/>\n<meta property=\"og:type\" content=\"article\" \/>\n<meta property=\"og:title\" content=\"Pol\u00edtica de privacitat - Nomen\" \/>\n<meta property=\"og:description\" content=\"1. INFORMACI\u00d3 A L&#8217;USUARINOMEN FOODS SL, des d&#8217;ara RESPONSABLE, \u00e9s el Responsable del Tractament de les dades personals de l&#8217;Usuari i l&#8217;informa que aquestes dades seran tractades de conformitat amb el que disposa el Reglament (UE) 2016\/679 de 27 d&#8217;abril de 2016 (GDPR) i la Llei Org\u00e0nica 3\/2018, de 5 de desembre (LOPDGDD), pel que [&hellip;]\" \/>\n<meta property=\"og:url\" content=\"https:\/\/nomen.es\/ca\/politica-de-privacitat\/\" \/>\n<meta property=\"og:site_name\" content=\"Nomen\" \/>\n<meta property=\"article:modified_time\" content=\"2024-02-27T15:14:50+00:00\" \/>\n<meta name=\"twitter:label1\" content=\"Temps estimat de lectura\" \/>\n\t<meta name=\"twitter:data1\" content=\"4 minuts\" \/>\n<script type=\"application\/ld+json\" class=\"yoast-schema-graph\">{\"@context\":\"https:\\\/\\\/schema.org\",\"@graph\":[{\"@type\":\"WebPage\",\"@id\":\"https:\\\/\\\/nomen.es\\\/ca\\\/politica-de-privacitat\\\/\",\"url\":\"https:\\\/\\\/nomen.es\\\/ca\\\/politica-de-privacitat\\\/\",\"name\":\"Pol\u00edtica de privacitat - Nomen\",\"isPartOf\":{\"@id\":\"https:\\\/\\\/nomen.es\\\/#website\"},\"datePublished\":\"2015-12-02T11:06:09+00:00\",\"dateModified\":\"2024-02-27T15:14:50+00:00\",\"breadcrumb\":{\"@id\":\"https:\\\/\\\/nomen.es\\\/ca\\\/politica-de-privacitat\\\/#breadcrumb\"},\"inLanguage\":\"ca\",\"potentialAction\":[{\"@type\":\"ReadAction\",\"target\":[\"https:\\\/\\\/nomen.es\\\/ca\\\/politica-de-privacitat\\\/\"]}]},{\"@type\":\"BreadcrumbList\",\"@id\":\"https:\\\/\\\/nomen.es\\\/ca\\\/politica-de-privacitat\\\/#breadcrumb\",\"itemListElement\":[{\"@type\":\"ListItem\",\"position\":1,\"name\":\"Portada\",\"item\":\"https:\\\/\\\/nomen.es\\\/ca\\\/\"},{\"@type\":\"ListItem\",\"position\":2,\"name\":\"Pol\u00edtica de privacitat\"}]},{\"@type\":\"WebSite\",\"@id\":\"https:\\\/\\\/nomen.es\\\/#website\",\"url\":\"https:\\\/\\\/nomen.es\\\/\",\"name\":\"Nomen\",\"description\":\"Mucho m\u00e1s que arroz\",\"potentialAction\":[{\"@type\":\"SearchAction\",\"target\":{\"@type\":\"EntryPoint\",\"urlTemplate\":\"https:\\\/\\\/nomen.es\\\/?s={search_term_string}\"},\"query-input\":{\"@type\":\"PropertyValueSpecification\",\"valueRequired\":true,\"valueName\":\"search_term_string\"}}],\"inLanguage\":\"ca\"}]}<\/script>\n<!-- \/ Yoast SEO plugin. -->","yoast_head_json":{"title":"Pol\u00edtica de privacitat - Nomen","robots":{"index":"index","follow":"follow","max-snippet":"max-snippet:-1","max-image-preview":"max-image-preview:large","max-video-preview":"max-video-preview:-1"},"canonical":"https:\/\/nomen.es\/ca\/politica-de-privacitat\/","og_locale":"ca_ES","og_type":"article","og_title":"Pol\u00edtica de privacitat - Nomen","og_description":"1. INFORMACI\u00d3 A L&#8217;USUARINOMEN FOODS SL, des d&#8217;ara RESPONSABLE, \u00e9s el Responsable del Tractament de les dades personals de l&#8217;Usuari i l&#8217;informa que aquestes dades seran tractades de conformitat amb el que disposa el Reglament (UE) 2016\/679 de 27 d&#8217;abril de 2016 (GDPR) i la Llei Org\u00e0nica 3\/2018, de 5 de desembre (LOPDGDD), pel que [&hellip;]","og_url":"https:\/\/nomen.es\/ca\/politica-de-privacitat\/","og_site_name":"Nomen","article_modified_time":"2024-02-27T15:14:50+00:00","twitter_misc":{"Temps estimat de lectura":"4 minuts"},"schema":{"@context":"https:\/\/schema.org","@graph":[{"@type":"WebPage","@id":"https:\/\/nomen.es\/ca\/politica-de-privacitat\/","url":"https:\/\/nomen.es\/ca\/politica-de-privacitat\/","name":"Pol\u00edtica de privacitat - Nomen","isPartOf":{"@id":"https:\/\/nomen.es\/#website"},"datePublished":"2015-12-02T11:06:09+00:00","dateModified":"2024-02-27T15:14:50+00:00","breadcrumb":{"@id":"https:\/\/nomen.es\/ca\/politica-de-privacitat\/#breadcrumb"},"inLanguage":"ca","potentialAction":[{"@type":"ReadAction","target":["https:\/\/nomen.es\/ca\/politica-de-privacitat\/"]}]},{"@type":"BreadcrumbList","@id":"https:\/\/nomen.es\/ca\/politica-de-privacitat\/#breadcrumb","itemListElement":[{"@type":"ListItem","position":1,"name":"Portada","item":"https:\/\/nomen.es\/ca\/"},{"@type":"ListItem","position":2,"name":"Pol\u00edtica de privacitat"}]},{"@type":"WebSite","@id":"https:\/\/nomen.es\/#website","url":"https:\/\/nomen.es\/","name":"Nomen","description":"Mucho m\u00e1s que arroz","potentialAction":[{"@type":"SearchAction","target":{"@type":"EntryPoint","urlTemplate":"https:\/\/nomen.es\/?s={search_term_string}"},"query-input":{"@type":"PropertyValueSpecification","valueRequired":true,"valueName":"search_term_string"}}],"inLanguage":"ca"}]}},"_links":{"self":[{"href":"https:\/\/nomen.es\/ca\/wp-json\/wp\/v2\/pages\/1368","targetHints":{"allow":["GET"]}}],"collection":[{"href":"https:\/\/nomen.es\/ca\/wp-json\/wp\/v2\/pages"}],"about":[{"href":"https:\/\/nomen.es\/ca\/wp-json\/wp\/v2\/types\/page"}],"author":[{"embeddable":true,"href":"https:\/\/nomen.es\/ca\/wp-json\/wp\/v2\/users\/1"}],"replies":[{"embeddable":true,"href":"https:\/\/nomen.es\/ca\/wp-json\/wp\/v2\/comments?post=1368"}],"version-history":[{"count":0,"href":"https:\/\/nomen.es\/ca\/wp-json\/wp\/v2\/pages\/1368\/revisions"}],"wp:attachment":[{"href":"https:\/\/nomen.es\/ca\/wp-json\/wp\/v2\/media?parent=1368"}],"curies":[{"name":"wp","href":"https:\/\/api.w.org\/{rel}","templated":true}]}}