{"id":32,"date":"2015-09-26T17:36:34","date_gmt":"2015-09-26T17:36:34","guid":{"rendered":"https:\/\/nomen.es\/?page_id=32"},"modified":"2025-12-09T17:05:21","modified_gmt":"2025-12-09T16:05:21","slug":"contacte","status":"publish","type":"page","link":"https:\/\/nomen.es\/ca\/contacte\/","title":{"rendered":"Contacte"},"content":{"rendered":"<p>[et_pb_section fb_built=&#8221;1&#8243; fullwidth=&#8221;on&#8221; _builder_version=&#8221;4.24.2&#8243; _module_preset=&#8221;default&#8221; custom_padding=&#8221;0px||0px||false|false&#8221; global_colors_info=&#8221;{}&#8221;][et_pb_fullwidth_code _builder_version=&#8221;4.27.5&#8243; _module_preset=&#8221;default&#8221; hover_enabled=&#8221;0&#8243; sticky_enabled=&#8221;0&#8243;]<iframe src=\"https:\/\/www.google.com\/maps\/embed?pb=!1m18!1m12!1m3!1d3023.2271923814624!2d0.7042118!3d40.73502609999999!2m3!1f0!2f0!3f0!3m2!1i1024!2i768!4f13.1!3m3!1m2!1s0x12a1053674f0d667%3A0xe83650da39dd704!2sNomen%20Foods!5e0!3m2!1sca!2ses!4v1765296233575!5m2!1sca!2ses\" width=\"100%\" height=\"600\" style=\"border:0;\" allowfullscreen=\"\" loading=\"lazy\" referrerpolicy=\"no-referrer-when-downgrade\"><\/iframe>[\/et_pb_fullwidth_code][\/et_pb_section][et_pb_section fb_built=&#8221;1&#8243; _builder_version=&#8221;4.24.2&#8243; _module_preset=&#8221;default&#8221; background_color=&#8221;#255099&#8243; global_colors_info=&#8221;{}&#8221;][et_pb_row column_structure=&#8221;1_2,1_2&#8243; _builder_version=&#8221;4.24.2&#8243; _module_preset=&#8221;default&#8221; global_colors_info=&#8221;{}&#8221;][et_pb_column type=&#8221;1_2&#8243; _builder_version=&#8221;4.24.2&#8243; _module_preset=&#8221;default&#8221; global_colors_info=&#8221;{}&#8221;][et_pb_text _builder_version=&#8221;4.24.2&#8243; _module_preset=&#8221;default&#8221; global_colors_info=&#8221;{}&#8221;]<\/p>\n<h1 class=\"text-blanc\">Contacte<\/h1>\n<p class=\"text-blanc\">Si tens algun dubte, suggeriment o requeriment, pots contactar amb nosaltres emplenant les dades del formulari de contacte que posem a la teva disposici\u00f3. Ens posarem en contacte amb tu a la brevetat.<\/p>\n<p>[\/et_pb_text][et_pb_text _builder_version=&#8221;4.24.2&#8243; _module_preset=&#8221;default&#8221; global_colors_info=&#8221;{}&#8221;]<\/p>\n<h3 class=\"text-blanc\">Atenci\u00f3 al client<\/h3>\n<p class=\"text-blanc\">Arrossaires del Delta de L\u2019Ebre S.C.C.L.<\/p>\n<p>[\/et_pb_text][et_pb_text _builder_version=&#8221;4.24.2&#8243; _module_preset=&#8221;default&#8221; global_colors_info=&#8221;{}&#8221;]<\/p>\n<h3 class=\"text-blanc\">ADRE\u00c7A<\/h3>\n<p class=\"text-blanc\">Ctra.Camarles-Deltebre Km.6,5, Deltebre \u2013 43580 Tarragona<\/p>\n<p class=\"text-blanc\">Calle M\u00e9ndez \u00c1lvaro 20, 28045, Madrid. (Espa\u00f1a)<\/p>\n<p>[\/et_pb_text][et_pb_text _builder_version=&#8221;4.24.2&#8243; _module_preset=&#8221;default&#8221; global_colors_info=&#8221;{}&#8221;]<\/p>\n<h3 class=\"text-blanc\">EMAIL<\/h3>\n<p class=\"text-blanc\">atencionalcliente@nomen.es<\/p>\n<p>[\/et_pb_text][et_pb_text _builder_version=&#8221;4.24.2&#8243; _module_preset=&#8221;default&#8221; global_colors_info=&#8221;{}&#8221;]<\/p>\n<h3 class=\"text-blanc\">TEL\u00c8FON<\/h3>\n<p class=\"text-blanc\">977 487 777<\/p>\n<p>[\/et_pb_text][\/et_pb_column][et_pb_column type=&#8221;1_2&#8243; _builder_version=&#8221;4.24.2&#8243; _module_preset=&#8221;default&#8221; global_colors_info=&#8221;{}&#8221;][et_pb_code module_class=&#8221;contacto__formulario&#8221; _builder_version=&#8221;4.27.4&#8243; _module_preset=&#8221;default&#8221; global_colors_info=&#8221;{}&#8221;]\n<div class=\"wpcf7 no-js\" id=\"wpcf7-f154-o1\" lang=\"ca\" dir=\"ltr\" data-wpcf7-id=\"154\">\n<div class=\"screen-reader-response\"><p role=\"status\" aria-live=\"polite\" aria-atomic=\"true\"><\/p> <ul><\/ul><\/div>\n<form action=\"\/ca\/wp-json\/wp\/v2\/pages\/32#wpcf7-f154-o1\" method=\"post\" class=\"wpcf7-form init wpcf7-acceptance-as-validation\" aria-label=\"Formulari de contacte\" novalidate=\"novalidate\" data-status=\"init\">\n<fieldset class=\"hidden-fields-container\"><input type=\"hidden\" name=\"_wpcf7\" value=\"154\" \/><input type=\"hidden\" name=\"_wpcf7_version\" value=\"6.1.5\" \/><input type=\"hidden\" name=\"_wpcf7_locale\" value=\"ca\" \/><input type=\"hidden\" name=\"_wpcf7_unit_tag\" value=\"wpcf7-f154-o1\" \/><input type=\"hidden\" name=\"_wpcf7_container_post\" value=\"0\" \/><input type=\"hidden\" name=\"_wpcf7_posted_data_hash\" value=\"\" \/><input type=\"hidden\" name=\"_wpcf7_recaptcha_response\" value=\"\" \/>\n<\/fieldset>\n<div class=\"form-horizontal\">\n\t<div class=\"form-group\">\n\t\t<p><label for=\"inputEmail3\" class=\"col-sm-4 control-label blanc\">Nom<\/label>\n\t\t<\/p>\n\t\t<div class=\"col-sm-12\">\n\t\t\t<p><span class=\"wpcf7-form-control-wrap\" data-name=\"your-name\"><input size=\"40\" maxlength=\"400\" class=\"wpcf7-form-control wpcf7-text wpcf7-validates-as-required form-control\" aria-required=\"true\" aria-invalid=\"false\" value=\"\" type=\"text\" name=\"your-name\" \/><\/span>\n\t\t\t<\/p>\n\t\t<\/div>\n\t<\/div>\n\t<div class=\"form-group\">\n\t\t<p><label for=\"inputEmail3\" class=\"col-sm-4 control-label blanc\">Email<\/label>\n\t\t<\/p>\n\t\t<div class=\"col-sm-12\">\n\t\t\t<p><span class=\"wpcf7-form-control-wrap\" data-name=\"your-email\"><input size=\"40\" maxlength=\"400\" class=\"wpcf7-form-control wpcf7-email wpcf7-validates-as-required wpcf7-text wpcf7-validates-as-email form-control\" aria-required=\"true\" aria-invalid=\"false\" value=\"\" type=\"email\" name=\"your-email\" \/><\/span>\n\t\t\t<\/p>\n\t\t<\/div>\n\t<\/div>\n\t<div class=\"form-group\">\n\t\t<p><label for=\"inputEmail3\" class=\"col-sm-4 control-label blanc\">Tel\u00e8fon<\/label>\n\t\t<\/p>\n\t\t<div class=\"col-sm-12\">\n\t\t\t<p><span class=\"wpcf7-form-control-wrap\" data-name=\"your-tel\"><input size=\"40\" maxlength=\"400\" class=\"wpcf7-form-control wpcf7-text wpcf7-validates-as-required form-control\" aria-required=\"true\" aria-invalid=\"false\" value=\"\" type=\"text\" name=\"your-tel\" \/><\/span>\n\t\t\t<\/p>\n\t\t<\/div>\n\t<\/div>\n\t<div class=\"form-group\">\n\t\t<p><label for=\"inputEmail3\" class=\"col-sm-4 control-label blanc\">CP<\/label>\n\t\t<\/p>\n\t\t<div class=\"col-sm-12\">\n\t\t\t<p><span class=\"wpcf7-form-control-wrap\" data-name=\"your-cp\"><input size=\"40\" maxlength=\"400\" class=\"wpcf7-form-control wpcf7-text wpcf7-validates-as-required form-control\" aria-required=\"true\" aria-invalid=\"false\" value=\"\" type=\"text\" name=\"your-cp\" \/><\/span>\n\t\t\t<\/p>\n\t\t<\/div>\n\t<\/div>\n\t<div class=\"form-group\">\n\t\t<p><label for=\"inputEmail3\" class=\"col-sm-4 control-label blanc\">Qu\u00e8 necessites?<\/label>\n\t\t<\/p>\n\t\t<div class=\"col-sm-12\">\n\t\t\t<p><span class=\"wpcf7-form-control-wrap\" data-name=\"your-message\"><textarea cols=\"40\" rows=\"10\" maxlength=\"2000\" class=\"wpcf7-form-control wpcf7-textarea form-control\" aria-invalid=\"false\" name=\"your-message\"><\/textarea><\/span>\n\t\t\t<\/p>\n\t\t<\/div>\n\t<\/div>\n\t<div class=\"f2\">\n\t\t<div class=\"col-sm-12\">\n\t\t\t<p><button class=\"button-consent\" type=\"button\" data-toggle=\"collapse\" data-target=\"#consent\" aria-expanded=\"false\" aria-controls=\"consent\" style=\"color:#fff;\">Abans d'acceptar llegeix-ne el consentiment per al tractament de dades personals...<\/button>\n\t\t\t<\/p>\n\t\t\t<div id=\"consent\" class=\"collapse\">\n\t\t\t\t<p style=\"color:#fff;\"><br \/>\n<b>Consentiment de tractament de dades personals<\/b>\n\t\t\t\t<\/p>\n\t\t\t\t<p><b>NOMEN FOODS SL<\/b> \u00e9s el Responsable del Tractament de les dades personals de l'Usuari i l'informa<br \/>\nque aquestes dades seran tractades de conformitat amb el que disposa el Reglament (UE) 2016\/679<br \/>\nde 27 d'abril de 2016 (GDPR) i la Llei Org\u00e0nica 3\/2018, de 5 de desembre (LOPDGDD), per la qual<br \/>\ncosa li facilita la seg\u00fcent informaci\u00f3 del tractament:\n\t\t\t\t<\/p>\n\t\t\t\t<p style=\"color:#fff;\"><br \/>\n<b>Fi del tractament:<\/b> per inter\u00e8s leg\u00edtim del responsable: mantenir una relaci\u00f3 comercial. Per<br \/>\nconsentiment de l'interessat: l'enviament de comunicacions sobre els nostres productes i\/o serveis.\n\t\t\t\t<\/p>\n\t\t\t\t<p><b>Criteris de conservaci\u00f3 de les dades:<\/b> es conservaran durant no m\u00e9s temps del necessari per<br \/>\nmantenir la fi del tractament i quan ja no sigui necessari per a tal fi, es suprimiran amb mesures de<br \/>\nseguretat adequades per garantir la pseudonimitzaci\u00f3 de les dades o la destrucci\u00f3 total de les<br \/>\nmateixes.\n\t\t\t\t<\/p>\n\t\t\t\t<p><b>Comunicaci\u00f3 de les dades:<\/b> no es comunicaran les dades a tercers, excepte per obligaci\u00f3 legal.\n\t\t\t\t<\/p>\n\t\t\t\t<p><b>Drets que assisteixen a l'Usuari:<\/b>\n\t\t\t\t<\/p>\n\t\t\t\t<p>- Dret a retirar el consentiment en qualsevol moment.<br \/>\n- Dret d'acc\u00e9s, rectificaci\u00f3, portabilitat i supressi\u00f3 de les seves dades i de la limitaci\u00f3 o oposici\u00f3 al seu<br \/>\ntractament.<br \/>\n- Dret a presentar una reclamaci\u00f3 davant l'Autoritat de Control (www.aepd.es) si considera que el<br \/>\ntractament no s'ajusta a la normativa vigent.<br \/>\n<b>Dades de contacte per exercir els seus drets:<\/b>\n\t\t\t\t<\/p>\n\t\t\t\t<p>NOMEN FOODS SL. CTRA. CAMARLES-DELTEBRE, KM, 6,5 - 43580 DELTEBRE (Tarragona).<br \/>\nEmail: rrhh@nomenfoods.com<br \/>\nDades de contacte del DPO: Teodor Gonz\u00e0lez 31, 43500 Tortosa - fmcanalda@ateneu.eu\n\t\t\t\t<\/p>\n\t\t\t<\/div>\n\t\t\t<p class=\"blanc\"><span class=\"wpcf7-form-control-wrap\" data-name=\"your-consent\"><span class=\"wpcf7-form-control wpcf7-acceptance\"><span class=\"wpcf7-list-item\"><label><input type=\"checkbox\" name=\"your-consent\" value=\"1\" aria-invalid=\"false\" \/><span class=\"wpcf7-list-item-label\">Estic d'acord amb la <a href=\"https:\/\/nomen.es\/ca\/politica-de-privacitat\/\" target=\"_blank\"> pol\u00edtica de privadesa<\/a><\/span><\/label><\/span><\/span><\/span>\n\t\t\t<\/p>\n\t\t\t<p class=\"blanc\"><span class=\"wpcf7-form-control-wrap\" data-name=\"ofertas\"><span class=\"wpcf7-form-control wpcf7-checkbox\"><span class=\"wpcf7-list-item first last\"><label><input type=\"checkbox\" name=\"ofertas[]\" value=\"Vull rebre informaci\u00f3, novetats i ofertes.\" \/><span class=\"wpcf7-list-item-label\">Vull rebre informaci\u00f3, novetats i ofertes.<\/span><\/label><\/span><\/span><\/span>\n\t\t\t<\/p>\n\t\t<\/div>\n\t<\/div>\n\t<div class=\"form-group\">\n\t\t<div class=\"f2\">\n\t\t\t<p><label for=\"inputEmail3\" class=\"col-sm-2 control-label blanc\"><\/label>\n\t\t\t<\/p>\n\t\t\t<div class=\"col-sm-12\">\n\t\t\t\t<p><input class=\"wpcf7-form-control wpcf7-submit has-spinner button4\" type=\"submit\" value=\"Enviar\" \/>\n\t\t\t\t<\/p>\n\t\t\t<\/div>\n\t\t<\/div>\n\t<\/div>\n<\/div><div class=\"wpcf7-response-output\" aria-hidden=\"true\"><\/div>\n<\/form>\n<\/div>\n[\/et_pb_code][\/et_pb_column][\/et_pb_row][\/et_pb_section]<\/p>\n","protected":false},"excerpt":{"rendered":"<p>Contacte Si tens algun dubte, suggeriment o requeriment, pots contactar amb nosaltres emplenant les dades del formulari de contacte que posem a la teva disposici\u00f3. Ens posarem en contacte amb tu a la brevetat.Atenci\u00f3 al client Arrossaires del Delta de L\u2019Ebre S.C.C.L.ADRE\u00c7A Ctra.Camarles-Deltebre Km.6,5, Deltebre \u2013 43580 Tarragona Calle M\u00e9ndez \u00c1lvaro 20, 28045, Madrid. (Espa\u00f1a)EMAIL [&hellip;]<\/p>\n","protected":false},"author":1,"featured_media":0,"parent":0,"menu_order":0,"comment_status":"closed","ping_status":"closed","template":"","meta":{"_acf_changed":false,"_et_pb_use_builder":"on","_et_pb_old_content":"","_et_gb_content_width":"","inline_featured_image":false,"footnotes":""},"class_list":["post-32","page","type-page","status-publish","hentry"],"acf":[],"yoast_head":"<!-- This site is optimized with the Yoast SEO plugin v27.4 - https:\/\/yoast.com\/product\/yoast-seo-wordpress\/ -->\n<title>Contacte - Nomen<\/title>\n<meta name=\"robots\" content=\"index, follow, max-snippet:-1, max-image-preview:large, max-video-preview:-1\" \/>\n<link rel=\"canonical\" href=\"https:\/\/nomen.es\/ca\/contacte\/\" \/>\n<meta property=\"og:locale\" content=\"ca_ES\" \/>\n<meta property=\"og:type\" content=\"article\" \/>\n<meta property=\"og:title\" content=\"Contacte - Nomen\" \/>\n<meta property=\"og:description\" content=\"Contacte Si tens algun dubte, suggeriment o requeriment, pots contactar amb nosaltres emplenant les dades del formulari de contacte que posem a la teva disposici\u00f3. Ens posarem en contacte amb tu a la brevetat.Atenci\u00f3 al client Arrossaires del Delta de L\u2019Ebre S.C.C.L.ADRE\u00c7A Ctra.Camarles-Deltebre Km.6,5, Deltebre \u2013 43580 Tarragona Calle M\u00e9ndez \u00c1lvaro 20, 28045, Madrid. (Espa\u00f1a)EMAIL [&hellip;]\" \/>\n<meta property=\"og:url\" content=\"https:\/\/nomen.es\/ca\/contacte\/\" \/>\n<meta property=\"og:site_name\" content=\"Nomen\" \/>\n<meta property=\"article:modified_time\" content=\"2025-12-09T16:05:21+00:00\" \/>\n<meta name=\"twitter:label1\" content=\"Temps estimat de lectura\" \/>\n\t<meta name=\"twitter:data1\" content=\"2 minuts\" \/>\n<script type=\"application\/ld+json\" class=\"yoast-schema-graph\">{\"@context\":\"https:\\\/\\\/schema.org\",\"@graph\":[{\"@type\":\"WebPage\",\"@id\":\"https:\\\/\\\/nomen.es\\\/ca\\\/contacte\\\/\",\"url\":\"https:\\\/\\\/nomen.es\\\/ca\\\/contacte\\\/\",\"name\":\"Contacte - Nomen\",\"isPartOf\":{\"@id\":\"https:\\\/\\\/nomen.es\\\/#website\"},\"datePublished\":\"2015-09-26T17:36:34+00:00\",\"dateModified\":\"2025-12-09T16:05:21+00:00\",\"breadcrumb\":{\"@id\":\"https:\\\/\\\/nomen.es\\\/ca\\\/contacte\\\/#breadcrumb\"},\"inLanguage\":\"ca\",\"potentialAction\":[{\"@type\":\"ReadAction\",\"target\":[\"https:\\\/\\\/nomen.es\\\/ca\\\/contacte\\\/\"]}]},{\"@type\":\"BreadcrumbList\",\"@id\":\"https:\\\/\\\/nomen.es\\\/ca\\\/contacte\\\/#breadcrumb\",\"itemListElement\":[{\"@type\":\"ListItem\",\"position\":1,\"name\":\"Portada\",\"item\":\"https:\\\/\\\/nomen.es\\\/ca\\\/\"},{\"@type\":\"ListItem\",\"position\":2,\"name\":\"Contacte\"}]},{\"@type\":\"WebSite\",\"@id\":\"https:\\\/\\\/nomen.es\\\/#website\",\"url\":\"https:\\\/\\\/nomen.es\\\/\",\"name\":\"Nomen\",\"description\":\"Mucho m\u00e1s que arroz\",\"potentialAction\":[{\"@type\":\"SearchAction\",\"target\":{\"@type\":\"EntryPoint\",\"urlTemplate\":\"https:\\\/\\\/nomen.es\\\/?s={search_term_string}\"},\"query-input\":{\"@type\":\"PropertyValueSpecification\",\"valueRequired\":true,\"valueName\":\"search_term_string\"}}],\"inLanguage\":\"ca\"}]}<\/script>\n<!-- \/ Yoast SEO plugin. -->","yoast_head_json":{"title":"Contacte - Nomen","robots":{"index":"index","follow":"follow","max-snippet":"max-snippet:-1","max-image-preview":"max-image-preview:large","max-video-preview":"max-video-preview:-1"},"canonical":"https:\/\/nomen.es\/ca\/contacte\/","og_locale":"ca_ES","og_type":"article","og_title":"Contacte - Nomen","og_description":"Contacte Si tens algun dubte, suggeriment o requeriment, pots contactar amb nosaltres emplenant les dades del formulari de contacte que posem a la teva disposici\u00f3. Ens posarem en contacte amb tu a la brevetat.Atenci\u00f3 al client Arrossaires del Delta de L\u2019Ebre S.C.C.L.ADRE\u00c7A Ctra.Camarles-Deltebre Km.6,5, Deltebre \u2013 43580 Tarragona Calle M\u00e9ndez \u00c1lvaro 20, 28045, Madrid. (Espa\u00f1a)EMAIL [&hellip;]","og_url":"https:\/\/nomen.es\/ca\/contacte\/","og_site_name":"Nomen","article_modified_time":"2025-12-09T16:05:21+00:00","twitter_misc":{"Temps estimat de lectura":"2 minuts"},"schema":{"@context":"https:\/\/schema.org","@graph":[{"@type":"WebPage","@id":"https:\/\/nomen.es\/ca\/contacte\/","url":"https:\/\/nomen.es\/ca\/contacte\/","name":"Contacte - Nomen","isPartOf":{"@id":"https:\/\/nomen.es\/#website"},"datePublished":"2015-09-26T17:36:34+00:00","dateModified":"2025-12-09T16:05:21+00:00","breadcrumb":{"@id":"https:\/\/nomen.es\/ca\/contacte\/#breadcrumb"},"inLanguage":"ca","potentialAction":[{"@type":"ReadAction","target":["https:\/\/nomen.es\/ca\/contacte\/"]}]},{"@type":"BreadcrumbList","@id":"https:\/\/nomen.es\/ca\/contacte\/#breadcrumb","itemListElement":[{"@type":"ListItem","position":1,"name":"Portada","item":"https:\/\/nomen.es\/ca\/"},{"@type":"ListItem","position":2,"name":"Contacte"}]},{"@type":"WebSite","@id":"https:\/\/nomen.es\/#website","url":"https:\/\/nomen.es\/","name":"Nomen","description":"Mucho m\u00e1s que arroz","potentialAction":[{"@type":"SearchAction","target":{"@type":"EntryPoint","urlTemplate":"https:\/\/nomen.es\/?s={search_term_string}"},"query-input":{"@type":"PropertyValueSpecification","valueRequired":true,"valueName":"search_term_string"}}],"inLanguage":"ca"}]}},"_links":{"self":[{"href":"https:\/\/nomen.es\/ca\/wp-json\/wp\/v2\/pages\/32","targetHints":{"allow":["GET"]}}],"collection":[{"href":"https:\/\/nomen.es\/ca\/wp-json\/wp\/v2\/pages"}],"about":[{"href":"https:\/\/nomen.es\/ca\/wp-json\/wp\/v2\/types\/page"}],"author":[{"embeddable":true,"href":"https:\/\/nomen.es\/ca\/wp-json\/wp\/v2\/users\/1"}],"replies":[{"embeddable":true,"href":"https:\/\/nomen.es\/ca\/wp-json\/wp\/v2\/comments?post=32"}],"version-history":[{"count":2,"href":"https:\/\/nomen.es\/ca\/wp-json\/wp\/v2\/pages\/32\/revisions"}],"predecessor-version":[{"id":46608,"href":"https:\/\/nomen.es\/ca\/wp-json\/wp\/v2\/pages\/32\/revisions\/46608"}],"wp:attachment":[{"href":"https:\/\/nomen.es\/ca\/wp-json\/wp\/v2\/media?parent=32"}],"curies":[{"name":"wp","href":"https:\/\/api.w.org\/{rel}","templated":true}]}}