{"id":7127,"date":"2018-06-28T17:58:54","date_gmt":"2018-06-28T15:58:54","guid":{"rendered":"https:\/\/nomen.es\/?page_id=7127\/"},"modified":"2024-02-29T16:38:36","modified_gmt":"2024-02-29T15:38:36","slug":"vasets-arros","status":"publish","type":"page","link":"https:\/\/nomen.es\/ca\/productes-nomen\/vasets-arros\/","title":{"rendered":"Vasets d&#8217;arr\u00f2s"},"content":{"rendered":"<p>[et_pb_section fb_built=&#8221;1&#8243; fullwidth=&#8221;on&#8221; _builder_version=&#8221;4.24.2&#8243; _module_preset=&#8221;default&#8221; custom_padding=&#8221;0px||0px||false|false&#8221; global_colors_info=&#8221;{}&#8221;][et_pb_fullwidth_image src=&#8221;https:\/\/nomen.es\/wp-content\/uploads\/2015\/09\/portada-productos-nomen-scaled.jpg&#8221; title_text=&#8221;portada-productos-nomen&#8221; _builder_version=&#8221;4.24.2&#8243; _module_preset=&#8221;default&#8221; global_colors_info=&#8221;{}&#8221;][\/et_pb_fullwidth_image][\/et_pb_section][et_pb_section fb_built=&#8221;1&#8243; fullwidth=&#8221;on&#8221; _builder_version=&#8221;4.24.2&#8243; _module_preset=&#8221;default&#8221; custom_padding=&#8221;0px||0px||false|false&#8221; global_colors_info=&#8221;{}&#8221;][et_pb_fullwidth_menu menu_id=&#8221;33&#8243; fullwidth_menu=&#8221;on&#8221; active_link_color=&#8221;#ffffff&#8221; menu_icon_color=&#8221;#333333&#8243; module_class=&#8221;productos__menu&#8221; _builder_version=&#8221;4.24.2&#8243; _module_preset=&#8221;default&#8221; menu_font=&#8221;Montserrat|500|||||||&#8221; menu_text_color=&#8221;#FFFFFF&#8221; background_color=&#8221;#4073AE&#8221; custom_padding=&#8221;|15px||15px|false|false&#8221; custom_padding_tablet=&#8221;|0px||0px|false|false&#8221; custom_padding_phone=&#8221;|0px||0px|false|false&#8221; custom_padding_last_edited=&#8221;on|tablet&#8221; global_colors_info=&#8221;{}&#8221;][\/et_pb_fullwidth_menu][\/et_pb_section][et_pb_section fb_built=&#8221;1&#8243; _builder_version=&#8221;4.24.2&#8243; _module_preset=&#8221;default&#8221; global_colors_info=&#8221;{}&#8221;][et_pb_row column_structure=&#8221;3_5,2_5&#8243; module_class=&#8221;productos__que-comeras&#8221; _builder_version=&#8221;4.24.2&#8243; _module_preset=&#8221;default&#8221; custom_padding=&#8221;||60px||false|false&#8221; border_width_bottom=&#8221;1px&#8221; border_color_bottom=&#8221;#cccccc&#8221; global_colors_info=&#8221;{}&#8221;][et_pb_column type=&#8221;3_5&#8243; _builder_version=&#8221;4.24.2&#8243; _module_preset=&#8221;default&#8221; global_colors_info=&#8221;{}&#8221;][et_pb_text _builder_version=&#8221;4.24.2&#8243; _module_preset=&#8221;default&#8221; custom_margin=&#8221;||5px||false|false&#8221; global_colors_info=&#8221;{}&#8221;]<\/p>\n<h1>Vasets d\u2019arr\u00f2s<\/h1>\n<p>[\/et_pb_text][et_pb_text _builder_version=&#8221;4.24.2&#8243; _module_preset=&#8221;default&#8221; global_colors_info=&#8221;{}&#8221;]<\/p>\n<p>Si no tens temps per a cuinar, Nomen t\u2019ajuda amb els <strong>vasets d\u2019arr\u00f2s. En nom\u00e9s 1 minut<\/strong> tindr\u00e0s un bon arr\u00f2s i una deliciosa guarnici\u00f3 per a acompanyar les teves receptes favorites.<\/p>\n<p>Els vasets d\u2019arr\u00f2s Nomen s\u00f3n ideals per a preparar un plat calent o una amanida de la manera m\u00e9s f\u00e0cil i r\u00e0pida. Descobreix els nostres vasets d\u2019arr\u00f2s <strong>rod\u00f3<\/strong>, d\u2019arr\u00f2s <strong>basmati<\/strong>, d\u2019arr\u00f2s <strong>integral<\/strong>, d\u2019arr\u00f2s integral amb <strong>verdures i llavors<\/strong> i d\u2019arr\u00f2s integral amb quinoa.<\/p>\n<p>Si t\u2019avorreixen els mateixos plats de sempre, tasta alguna cosa nova!<\/p>\n<p>[\/et_pb_text][\/et_pb_column][et_pb_column type=&#8221;2_5&#8243; _builder_version=&#8221;4.24.2&#8243; _module_preset=&#8221;default&#8221; global_colors_info=&#8221;{}&#8221;][et_pb_blurb use_icon=&#8221;on&#8221; font_icon=&#8221;&#xe025;||divi||400&#8243; icon_color=&#8221;#999999&#8243; icon_placement=&#8221;left&#8221; image_icon_width=&#8221;22px&#8221; _builder_version=&#8221;4.24.2&#8243; _dynamic_attributes=&#8221;link_option_url&#8221; _module_preset=&#8221;default&#8221; body_text_align=&#8221;left&#8221; body_text_color=&#8221;#999999&#8243; animation=&#8221;off&#8221; link_option_url=&#8221;@ET-DC@eyJkeW5hbWljIjp0cnVlLCJjb250ZW50IjoicG9zdF9saW5rX3VybF9wYWdlIiwic2V0dGluZ3MiOnsicG9zdF9pZCI6IjkxMSJ9fQ==@&#8221; global_colors_info=&#8221;{}&#8221;]<\/p>\n<p>Taula d&#8217;al\u00b7l\u00e8rgens<\/p>\n<p>[\/et_pb_blurb][\/et_pb_column][\/et_pb_row][et_pb_row module_class=&#8221;productos__productos-grid&#8221; _builder_version=&#8221;4.24.2&#8243; _module_preset=&#8221;default&#8221; custom_padding=&#8221;60px||60px||false|false&#8221; global_colors_info=&#8221;{}&#8221;][et_pb_column type=&#8221;4_4&#8243; _builder_version=&#8221;4.24.2&#8243; _module_preset=&#8221;default&#8221; global_colors_info=&#8221;{}&#8221;][et_pb_code _builder_version=&#8221;4.24.2&#8243; _module_preset=&#8221;default&#8221; global_colors_info=&#8221;{}&#8221;]\n<div class=\"llistat-productes-types\">\n    <!-- mostrar \"categoria\" arroc\u00edsimo -->\n        <!-- fi mostrar \"categoria\" arroc\u00edsimo -->\n\n    <!-- mostrar \"categoria\" vasets d'arros -->\n        <!-- fi mostrar \"categoria\" vasets d'arros -->\n\n            <div class=\"productes-types-item\">\n            <div class=\"thumbnail\">\n                <div style=\"position:relative; text-align:center;\">\n                    <a href=\"https:\/\/nomen.es\/ca\/vasets-arros\/vasets-darros-llarg-amb-algues\/\"><img decoding=\"async\" class=\"img-responsive\" style=\"max-height: 270px;\" alt=\"VASETS D&#8217;ARR\u00d2S LLARG AMB ALGUES\" src=\"https:\/\/nomen.es\/wp-content\/uploads\/2025\/02\/nomen-vasitos-arroz-largo-con-algas.png\" \/><\/a>\n\n\n                                    <\/div>\n                <div class=\"caption text-center\">\n                    <a href=\"https:\/\/nomen.es\/ca\/vasets-arros\/vasets-darros-llarg-amb-algues\/\"><h4 style='padding-top:10px; padding-bottom:0;'>VASETS D&#8217;ARR\u00d2S LLARG AMB ALGUES<\/h4><\/a>\n                <\/div>\n            <\/div>\n        <\/div>\n            <div class=\"productes-types-item\">\n            <div class=\"thumbnail\">\n                <div style=\"position:relative; text-align:center;\">\n                    <a href=\"https:\/\/nomen.es\/ca\/vasets-arros\/vasets-de-quinoa\/\"><img decoding=\"async\" class=\"img-responsive\" style=\"max-height: 270px;\" alt=\"VASETS DE QUINOA\" src=\"https:\/\/nomen.es\/wp-content\/uploads\/2025\/02\/nomen-vasitos-quinoa.png\" \/><\/a>\n\n\n                                    <\/div>\n                <div class=\"caption text-center\">\n                    <a href=\"https:\/\/nomen.es\/ca\/vasets-arros\/vasets-de-quinoa\/\"><h4 style='padding-top:10px; padding-bottom:0;'>VASETS DE QUINOA<\/h4><\/a>\n                <\/div>\n            <\/div>\n        <\/div>\n            <div class=\"productes-types-item\">\n            <div class=\"thumbnail\">\n                <div style=\"position:relative; text-align:center;\">\n                    <a href=\"https:\/\/nomen.es\/ca\/vasets-arros\/vasets-darros-integral-amb-quinoa\/\"><img decoding=\"async\" class=\"img-responsive\" style=\"max-height: 270px;\" alt=\"VASETS D\u2019ARR\u00d2S INTEGRAL AMB QUINOA\" src=\"https:\/\/nomen.es\/wp-content\/uploads\/2019\/06\/Vasitos-arroz-integral-con-quinoa-PICAT-300ppp-scaled.jpg\" \/><\/a>\n\n\n                                    <\/div>\n                <div class=\"caption text-center\">\n                    <a href=\"https:\/\/nomen.es\/ca\/vasets-arros\/vasets-darros-integral-amb-quinoa\/\"><h4 style='padding-top:10px; padding-bottom:0;'>VASETS D\u2019ARR\u00d2S INTEGRAL AMB QUINOA<\/h4><\/a>\n                <\/div>\n            <\/div>\n        <\/div>\n            <div class=\"productes-types-item\">\n            <div class=\"thumbnail\">\n                <div style=\"position:relative; text-align:center;\">\n                    <a href=\"https:\/\/nomen.es\/ca\/vasets-arros\/vasets-darros-integral-amb-verdures-i-llavors\/\"><img decoding=\"async\" class=\"img-responsive\" style=\"max-height: 270px;\" alt=\"VASETS D\u2019ARR\u00d2S INTEGRAL AMB VERDURES I LLAVORS\" src=\"https:\/\/nomen.es\/wp-content\/uploads\/2019\/06\/Vasitos-arroz-integral-con-verduras-y-semillas-PICAT-300ppp.jpg\" \/><\/a>\n\n\n                                    <\/div>\n                <div class=\"caption text-center\">\n                    <a href=\"https:\/\/nomen.es\/ca\/vasets-arros\/vasets-darros-integral-amb-verdures-i-llavors\/\"><h4 style='padding-top:10px; padding-bottom:0;'>VASETS D\u2019ARR\u00d2S INTEGRAL AMB VERDURES I LLAVORS<\/h4><\/a>\n                <\/div>\n            <\/div>\n        <\/div>\n            <div class=\"productes-types-item\">\n            <div class=\"thumbnail\">\n                <div style=\"position:relative; text-align:center;\">\n                    <a href=\"https:\/\/nomen.es\/ca\/vasets-arros\/vasets-darros-integral\/\"><img decoding=\"async\" class=\"img-responsive\" style=\"max-height: 270px;\" alt=\"VASETS D&#8217;ARR\u00d2S INTEGRAL\" src=\"https:\/\/nomen.es\/wp-content\/uploads\/2018\/06\/Vasito-arroz-integral-LATERAL-PICAT-1.png\" \/><\/a>\n\n\n                                    <\/div>\n                <div class=\"caption text-center\">\n                    <a href=\"https:\/\/nomen.es\/ca\/vasets-arros\/vasets-darros-integral\/\"><h4 style='padding-top:10px; padding-bottom:0;'>VASETS D&#8217;ARR\u00d2S INTEGRAL<\/h4><\/a>\n                <\/div>\n            <\/div>\n        <\/div>\n            <div class=\"productes-types-item\">\n            <div class=\"thumbnail\">\n                <div style=\"position:relative; text-align:center;\">\n                    <a href=\"https:\/\/nomen.es\/ca\/vasets-arros\/vasets-darros-rodo\/\"><img decoding=\"async\" class=\"img-responsive\" style=\"max-height: 270px;\" alt=\"VASETS D&#8217;ARR\u00d2S ROD\u00d3\" src=\"https:\/\/nomen.es\/wp-content\/uploads\/2018\/06\/Vasito-arroz-redondo-LATERAL-PICAT-1.png\" \/><\/a>\n\n\n                                    <\/div>\n                <div class=\"caption text-center\">\n                    <a href=\"https:\/\/nomen.es\/ca\/vasets-arros\/vasets-darros-rodo\/\"><h4 style='padding-top:10px; padding-bottom:0;'>VASETS D&#8217;ARR\u00d2S ROD\u00d3<\/h4><\/a>\n                <\/div>\n            <\/div>\n        <\/div>\n            <div class=\"productes-types-item\">\n            <div class=\"thumbnail\">\n                <div style=\"position:relative; text-align:center;\">\n                    <a href=\"https:\/\/nomen.es\/ca\/vasets-arros\/vasets-darros-basmati\/\"><img decoding=\"async\" class=\"img-responsive\" style=\"max-height: 270px;\" alt=\"VASETS D&#8217;ARR\u00d2S BASMATI\" src=\"https:\/\/nomen.es\/wp-content\/uploads\/2018\/06\/Vasito-arroz-basmati-LATERAL-PICAT-2.png\" \/><\/a>\n\n\n                                    <\/div>\n                <div class=\"caption text-center\">\n                    <a href=\"https:\/\/nomen.es\/ca\/vasets-arros\/vasets-darros-basmati\/\"><h4 style='padding-top:10px; padding-bottom:0;'>VASETS D&#8217;ARR\u00d2S BASMATI<\/h4><\/a>\n                <\/div>\n            <\/div>\n        <\/div>\n    <\/div>[\/et_pb_code][\/et_pb_column][\/et_pb_row][et_pb_row _builder_version=&#8221;4.24.2&#8243; _module_preset=&#8221;default&#8221; custom_padding=&#8221;60px||15px||false|false&#8221; border_width_top=&#8221;1px&#8221; border_color_top=&#8221;#cccccc&#8221; global_colors_info=&#8221;{}&#8221;][et_pb_column type=&#8221;4_4&#8243; _builder_version=&#8221;4.24.2&#8243; _module_preset=&#8221;default&#8221; global_colors_info=&#8221;{}&#8221;][et_pb_text _builder_version=&#8221;4.24.2&#8243; _module_preset=&#8221;default&#8221; global_colors_info=&#8221;{}&#8221;]<\/p>\n<h2>Vasets d&#8217;arr\u00f2s Nomen. Llestos en 1 minut!<\/h2>\n<p>[\/et_pb_text][\/et_pb_column][\/et_pb_row][et_pb_row column_structure=&#8221;1_2,1_2&#8243; _builder_version=&#8221;4.24.2&#8243; _module_preset=&#8221;default&#8221; custom_padding=&#8221;0px||||false|false&#8221; hover_enabled=&#8221;0&#8243; global_colors_info=&#8221;{}&#8221; module_class=&#8221;productos__text-bottom&#8221; sticky_enabled=&#8221;0&#8243;][et_pb_column type=&#8221;1_2&#8243; _builder_version=&#8221;4.24.2&#8243; _module_preset=&#8221;default&#8221; global_colors_info=&#8221;{}&#8221;][et_pb_text _builder_version=&#8221;4.24.2&#8243; _module_preset=&#8221;default&#8221; hover_enabled=&#8221;0&#8243; custom_css_free_form=&#8221;selector p {font-size: 14px;}&#8221; global_colors_info=&#8221;{}&#8221; sticky_enabled=&#8221;0&#8243;]<\/p>\n<p>Amb els <strong>vasets d&#8217;arr\u00f2s Nomen<\/strong> podr\u00e0s gaudir d&#8217;un menjar sa, nutritiu i sense gluten en nom\u00e9s 1 minut o elaborar milers de receptes amb l&#8217;arr\u00f2s com a protagonista.<\/p>\n<p>Els <strong>vasets d&#8217;arr\u00f2s rod\u00f3<\/strong> s\u00f3n ideals per a preparar des d&#8217;un arr\u00f2s a la cubana fins a una saborosa guarnici\u00f3 quan no tens temps de cuinar.<\/p>\n<p>Els <strong>vasets d&#8217;arr\u00f2s integral<\/strong> s\u00f3n l&#8217;opci\u00f3 perfecta per als que volen cuidar-se amb plats de cuina natural, vegetariana o vegana.<\/p>\n<p>Els <strong>vasets d&#8217;arr\u00f2s integral amb verdures i llavors<\/strong> s\u00f3n un plat ric en fibra i baix en greixos per a menjar de forma saludable a casa o a la feina.<\/p>\n<p>[\/et_pb_text][\/et_pb_column][et_pb_column type=&#8221;1_2&#8243; _builder_version=&#8221;4.24.2&#8243; _module_preset=&#8221;default&#8221; global_colors_info=&#8221;{}&#8221;][et_pb_text _builder_version=&#8221;4.24.2&#8243; _module_preset=&#8221;default&#8221; custom_css_free_form=&#8221;selector p {font-size: 14px;}&#8221; locked=&#8221;off&#8221; global_colors_info=&#8221;{}&#8221;]<\/p>\n<p>Els <strong>vasets d&#8217;arr\u00f2s integral amb quinoa<\/strong> et permetran gaudir de la combinaci\u00f3 de quinoa vermella i blanca amb arr\u00f2s integral on vulguis i com vulguis.<\/p>\n<p>I els <strong>vasets d&#8217;arr\u00f2s basmati<\/strong> triomfen en les receptes m\u00e9s ex\u00f2tiques, com un arr\u00f2s biryani o un curri de basmati amb poma i ceba.<\/p>\n<p>Els vasets d&#8217;arr\u00f2s Nomen s\u00f3n un <strong>plat preparat 100 % vegetal<\/strong>, cuinats amb oli d&#8217;oliva verge extra, sense conservants ni colorants afegits i aptes per a cel\u00edacs (no contenen gluten). Es presenten en un pr\u00e0ctic env\u00e0s amb dos terrines de 125 g cadascuna. Un plat preparat llest per a consumir en un tancar i obrir d\u2019ulls! C\u00f2mode, f\u00e0cil i r\u00e0pid!<\/p>\n<p>[\/et_pb_text][\/et_pb_column][\/et_pb_row][\/et_pb_section]<\/p>\n","protected":false},"excerpt":{"rendered":"<p>[et_pb_section fb_built=&#8221;1&#8243; fullwidth=&#8221;on&#8221; _builder_version=&#8221;4.24.2&#8243; _module_preset=&#8221;default&#8221; custom_padding=&#8221;0px||0px||false|false&#8221; global_colors_info=&#8221;{}&#8221;][et_pb_fullwidth_image src=&#8221;https:\/\/nomen.es\/wp-content\/uploads\/2015\/09\/portada-productos-nomen-scaled.jpg&#8221; title_text=&#8221;portada-productos-nomen&#8221; _builder_version=&#8221;4.24.2&#8243; _module_preset=&#8221;default&#8221; global_colors_info=&#8221;{}&#8221;][\/et_pb_fullwidth_image][\/et_pb_section][et_pb_section fb_built=&#8221;1&#8243; fullwidth=&#8221;on&#8221; _builder_version=&#8221;4.24.2&#8243; _module_preset=&#8221;default&#8221; custom_padding=&#8221;0px||0px||false|false&#8221; global_colors_info=&#8221;{}&#8221;][et_pb_fullwidth_menu menu_id=&#8221;33&#8243; fullwidth_menu=&#8221;on&#8221; active_link_color=&#8221;#ffffff&#8221; menu_icon_color=&#8221;#333333&#8243; module_class=&#8221;productos__menu&#8221; _builder_version=&#8221;4.24.2&#8243; _module_preset=&#8221;default&#8221; menu_font=&#8221;Montserrat|500|||||||&#8221; menu_text_color=&#8221;#FFFFFF&#8221; background_color=&#8221;#4073AE&#8221; custom_padding=&#8221;|15px||15px|false|false&#8221; custom_padding_tablet=&#8221;|0px||0px|false|false&#8221; custom_padding_phone=&#8221;|0px||0px|false|false&#8221; custom_padding_last_edited=&#8221;on|tablet&#8221; global_colors_info=&#8221;{}&#8221;][\/et_pb_fullwidth_menu][\/et_pb_section][et_pb_section fb_built=&#8221;1&#8243; _builder_version=&#8221;4.24.2&#8243; _module_preset=&#8221;default&#8221; global_colors_info=&#8221;{}&#8221;][et_pb_row column_structure=&#8221;3_5,2_5&#8243; module_class=&#8221;productos__que-comeras&#8221; _builder_version=&#8221;4.24.2&#8243; _module_preset=&#8221;default&#8221; custom_padding=&#8221;||60px||false|false&#8221; border_width_bottom=&#8221;1px&#8221; border_color_bottom=&#8221;#cccccc&#8221; global_colors_info=&#8221;{}&#8221;][et_pb_column type=&#8221;3_5&#8243; _builder_version=&#8221;4.24.2&#8243; _module_preset=&#8221;default&#8221; global_colors_info=&#8221;{}&#8221;][et_pb_text _builder_version=&#8221;4.24.2&#8243; _module_preset=&#8221;default&#8221; custom_margin=&#8221;||5px||false|false&#8221; global_colors_info=&#8221;{}&#8221;] Vasets d\u2019arr\u00f2s [&hellip;]<\/p>\n","protected":false},"author":1,"featured_media":42174,"parent":12,"menu_order":0,"comment_status":"closed","ping_status":"closed","template":"","meta":{"_acf_changed":false,"_et_pb_use_builder":"on","_et_pb_old_content":"","_et_gb_content_width":"","inline_featured_image":false,"footnotes":""},"class_list":["post-7127","page","type-page","status-publish","has-post-thumbnail","hentry"],"acf":[],"yoast_head":"<!-- This site is optimized with the Yoast SEO plugin v27.4 - https:\/\/yoast.com\/product\/yoast-seo-wordpress\/ -->\n<title>Vasets d&#039;arr\u00f2s Nomen - Vasets d&#039;arr\u00f2s rod\u00f3, integral i basmati<\/title>\n<meta name=\"description\" content=\"Amb els vasets d&#039;arr\u00f2s Nomen gaudir\u00e0s d&#039;un menjar sa i nutritiu en nom\u00e9s 1 minut. Tasta els nostres vasets d&#039;arr\u00f2s rod\u00f3, arr\u00f2s integral i arr\u00f2s basmati!\" \/>\n<meta name=\"robots\" content=\"index, follow, max-snippet:-1, max-image-preview:large, max-video-preview:-1\" \/>\n<link rel=\"canonical\" href=\"https:\/\/nomen.es\/ca\/productes-nomen\/vasets-arros\/\" \/>\n<meta property=\"og:locale\" content=\"ca_ES\" \/>\n<meta property=\"og:type\" content=\"article\" \/>\n<meta property=\"og:title\" content=\"Vasets d&#039;arr\u00f2s Nomen - Vasets d&#039;arr\u00f2s rod\u00f3, integral i basmati\" \/>\n<meta property=\"og:description\" content=\"Amb els vasets d&#039;arr\u00f2s Nomen gaudir\u00e0s d&#039;un menjar sa i nutritiu en nom\u00e9s 1 minut. Tasta els nostres vasets d&#039;arr\u00f2s rod\u00f3, arr\u00f2s integral i arr\u00f2s basmati!\" \/>\n<meta property=\"og:url\" content=\"https:\/\/nomen.es\/ca\/productes-nomen\/vasets-arros\/\" \/>\n<meta property=\"og:site_name\" content=\"Nomen\" \/>\n<meta property=\"article:modified_time\" content=\"2024-02-29T15:38:36+00:00\" \/>\n<meta property=\"og:image\" content=\"https:\/\/nomen.es\/wp-content\/uploads\/2023\/12\/nuevos-vasito-arroz-nomen-2023-2.png\" \/>\n\t<meta property=\"og:image:width\" content=\"458\" \/>\n\t<meta property=\"og:image:height\" content=\"505\" \/>\n\t<meta property=\"og:image:type\" content=\"image\/png\" \/>\n<meta name=\"twitter:label1\" content=\"Temps estimat de lectura\" \/>\n\t<meta name=\"twitter:data1\" content=\"2 minuts\" \/>\n<script type=\"application\/ld+json\" class=\"yoast-schema-graph\">{\"@context\":\"https:\\\/\\\/schema.org\",\"@graph\":[{\"@type\":\"WebPage\",\"@id\":\"https:\\\/\\\/nomen.es\\\/ca\\\/productes-nomen\\\/vasets-arros\\\/\",\"url\":\"https:\\\/\\\/nomen.es\\\/ca\\\/productes-nomen\\\/vasets-arros\\\/\",\"name\":\"Vasets d'arr\u00f2s Nomen - Vasets d'arr\u00f2s rod\u00f3, integral i basmati\",\"isPartOf\":{\"@id\":\"https:\\\/\\\/nomen.es\\\/#website\"},\"primaryImageOfPage\":{\"@id\":\"https:\\\/\\\/nomen.es\\\/ca\\\/productes-nomen\\\/vasets-arros\\\/#primaryimage\"},\"image\":{\"@id\":\"https:\\\/\\\/nomen.es\\\/ca\\\/productes-nomen\\\/vasets-arros\\\/#primaryimage\"},\"thumbnailUrl\":\"https:\\\/\\\/nomen.es\\\/wp-content\\\/uploads\\\/2023\\\/12\\\/nuevos-vasito-arroz-nomen-2023-2.png\",\"datePublished\":\"2018-06-28T15:58:54+00:00\",\"dateModified\":\"2024-02-29T15:38:36+00:00\",\"description\":\"Amb els vasets d'arr\u00f2s Nomen gaudir\u00e0s d'un menjar sa i nutritiu en nom\u00e9s 1 minut. Tasta els nostres vasets d'arr\u00f2s rod\u00f3, arr\u00f2s integral i arr\u00f2s basmati!\",\"breadcrumb\":{\"@id\":\"https:\\\/\\\/nomen.es\\\/ca\\\/productes-nomen\\\/vasets-arros\\\/#breadcrumb\"},\"inLanguage\":\"ca\",\"potentialAction\":[{\"@type\":\"ReadAction\",\"target\":[\"https:\\\/\\\/nomen.es\\\/ca\\\/productes-nomen\\\/vasets-arros\\\/\"]}]},{\"@type\":\"ImageObject\",\"inLanguage\":\"ca\",\"@id\":\"https:\\\/\\\/nomen.es\\\/ca\\\/productes-nomen\\\/vasets-arros\\\/#primaryimage\",\"url\":\"https:\\\/\\\/nomen.es\\\/wp-content\\\/uploads\\\/2023\\\/12\\\/nuevos-vasito-arroz-nomen-2023-2.png\",\"contentUrl\":\"https:\\\/\\\/nomen.es\\\/wp-content\\\/uploads\\\/2023\\\/12\\\/nuevos-vasito-arroz-nomen-2023-2.png\",\"width\":458,\"height\":505},{\"@type\":\"BreadcrumbList\",\"@id\":\"https:\\\/\\\/nomen.es\\\/ca\\\/productes-nomen\\\/vasets-arros\\\/#breadcrumb\",\"itemListElement\":[{\"@type\":\"ListItem\",\"position\":1,\"name\":\"Portada\",\"item\":\"https:\\\/\\\/nomen.es\\\/ca\\\/\"},{\"@type\":\"ListItem\",\"position\":2,\"name\":\"Productes\",\"item\":\"https:\\\/\\\/nomen.es\\\/ca\\\/productes-nomen\\\/\"},{\"@type\":\"ListItem\",\"position\":3,\"name\":\"Vasets d&#8217;arr\u00f2s\"}]},{\"@type\":\"WebSite\",\"@id\":\"https:\\\/\\\/nomen.es\\\/#website\",\"url\":\"https:\\\/\\\/nomen.es\\\/\",\"name\":\"Nomen\",\"description\":\"Mucho m\u00e1s que arroz\",\"potentialAction\":[{\"@type\":\"SearchAction\",\"target\":{\"@type\":\"EntryPoint\",\"urlTemplate\":\"https:\\\/\\\/nomen.es\\\/?s={search_term_string}\"},\"query-input\":{\"@type\":\"PropertyValueSpecification\",\"valueRequired\":true,\"valueName\":\"search_term_string\"}}],\"inLanguage\":\"ca\"}]}<\/script>\n<!-- \/ Yoast SEO plugin. -->","yoast_head_json":{"title":"Vasets d'arr\u00f2s Nomen - Vasets d'arr\u00f2s rod\u00f3, integral i basmati","description":"Amb els vasets d'arr\u00f2s Nomen gaudir\u00e0s d'un menjar sa i nutritiu en nom\u00e9s 1 minut. Tasta els nostres vasets d'arr\u00f2s rod\u00f3, arr\u00f2s integral i arr\u00f2s basmati!","robots":{"index":"index","follow":"follow","max-snippet":"max-snippet:-1","max-image-preview":"max-image-preview:large","max-video-preview":"max-video-preview:-1"},"canonical":"https:\/\/nomen.es\/ca\/productes-nomen\/vasets-arros\/","og_locale":"ca_ES","og_type":"article","og_title":"Vasets d'arr\u00f2s Nomen - Vasets d'arr\u00f2s rod\u00f3, integral i basmati","og_description":"Amb els vasets d'arr\u00f2s Nomen gaudir\u00e0s d'un menjar sa i nutritiu en nom\u00e9s 1 minut. Tasta els nostres vasets d'arr\u00f2s rod\u00f3, arr\u00f2s integral i arr\u00f2s basmati!","og_url":"https:\/\/nomen.es\/ca\/productes-nomen\/vasets-arros\/","og_site_name":"Nomen","article_modified_time":"2024-02-29T15:38:36+00:00","og_image":[{"width":458,"height":505,"url":"https:\/\/nomen.es\/wp-content\/uploads\/2023\/12\/nuevos-vasito-arroz-nomen-2023-2.png","type":"image\/png"}],"twitter_misc":{"Temps estimat de lectura":"2 minuts"},"schema":{"@context":"https:\/\/schema.org","@graph":[{"@type":"WebPage","@id":"https:\/\/nomen.es\/ca\/productes-nomen\/vasets-arros\/","url":"https:\/\/nomen.es\/ca\/productes-nomen\/vasets-arros\/","name":"Vasets d'arr\u00f2s Nomen - Vasets d'arr\u00f2s rod\u00f3, integral i basmati","isPartOf":{"@id":"https:\/\/nomen.es\/#website"},"primaryImageOfPage":{"@id":"https:\/\/nomen.es\/ca\/productes-nomen\/vasets-arros\/#primaryimage"},"image":{"@id":"https:\/\/nomen.es\/ca\/productes-nomen\/vasets-arros\/#primaryimage"},"thumbnailUrl":"https:\/\/nomen.es\/wp-content\/uploads\/2023\/12\/nuevos-vasito-arroz-nomen-2023-2.png","datePublished":"2018-06-28T15:58:54+00:00","dateModified":"2024-02-29T15:38:36+00:00","description":"Amb els vasets d'arr\u00f2s Nomen gaudir\u00e0s d'un menjar sa i nutritiu en nom\u00e9s 1 minut. Tasta els nostres vasets d'arr\u00f2s rod\u00f3, arr\u00f2s integral i arr\u00f2s basmati!","breadcrumb":{"@id":"https:\/\/nomen.es\/ca\/productes-nomen\/vasets-arros\/#breadcrumb"},"inLanguage":"ca","potentialAction":[{"@type":"ReadAction","target":["https:\/\/nomen.es\/ca\/productes-nomen\/vasets-arros\/"]}]},{"@type":"ImageObject","inLanguage":"ca","@id":"https:\/\/nomen.es\/ca\/productes-nomen\/vasets-arros\/#primaryimage","url":"https:\/\/nomen.es\/wp-content\/uploads\/2023\/12\/nuevos-vasito-arroz-nomen-2023-2.png","contentUrl":"https:\/\/nomen.es\/wp-content\/uploads\/2023\/12\/nuevos-vasito-arroz-nomen-2023-2.png","width":458,"height":505},{"@type":"BreadcrumbList","@id":"https:\/\/nomen.es\/ca\/productes-nomen\/vasets-arros\/#breadcrumb","itemListElement":[{"@type":"ListItem","position":1,"name":"Portada","item":"https:\/\/nomen.es\/ca\/"},{"@type":"ListItem","position":2,"name":"Productes","item":"https:\/\/nomen.es\/ca\/productes-nomen\/"},{"@type":"ListItem","position":3,"name":"Vasets d&#8217;arr\u00f2s"}]},{"@type":"WebSite","@id":"https:\/\/nomen.es\/#website","url":"https:\/\/nomen.es\/","name":"Nomen","description":"Mucho m\u00e1s que arroz","potentialAction":[{"@type":"SearchAction","target":{"@type":"EntryPoint","urlTemplate":"https:\/\/nomen.es\/?s={search_term_string}"},"query-input":{"@type":"PropertyValueSpecification","valueRequired":true,"valueName":"search_term_string"}}],"inLanguage":"ca"}]}},"_links":{"self":[{"href":"https:\/\/nomen.es\/ca\/wp-json\/wp\/v2\/pages\/7127","targetHints":{"allow":["GET"]}}],"collection":[{"href":"https:\/\/nomen.es\/ca\/wp-json\/wp\/v2\/pages"}],"about":[{"href":"https:\/\/nomen.es\/ca\/wp-json\/wp\/v2\/types\/page"}],"author":[{"embeddable":true,"href":"https:\/\/nomen.es\/ca\/wp-json\/wp\/v2\/users\/1"}],"replies":[{"embeddable":true,"href":"https:\/\/nomen.es\/ca\/wp-json\/wp\/v2\/comments?post=7127"}],"version-history":[{"count":0,"href":"https:\/\/nomen.es\/ca\/wp-json\/wp\/v2\/pages\/7127\/revisions"}],"up":[{"embeddable":true,"href":"https:\/\/nomen.es\/ca\/wp-json\/wp\/v2\/pages\/12"}],"wp:featuredmedia":[{"embeddable":true,"href":"https:\/\/nomen.es\/ca\/wp-json\/wp\/v2\/media\/42174"}],"wp:attachment":[{"href":"https:\/\/nomen.es\/ca\/wp-json\/wp\/v2\/media?parent=7127"}],"curies":[{"name":"wp","href":"https:\/\/api.w.org\/{rel}","templated":true}]}}