{"id":911,"date":"2015-10-28T00:26:18","date_gmt":"2015-10-28T00:26:18","guid":{"rendered":"https:\/\/nomen.es\/ca\/?page_id=911"},"modified":"2024-02-27T16:32:38","modified_gmt":"2024-02-27T15:32:38","slug":"taula-dalergens","status":"publish","type":"page","link":"https:\/\/nomen.es\/ca\/taula-dalergens\/","title":{"rendered":"Taula d&#8217;al\u00b7l\u00e8rgens"},"content":{"rendered":"<h2>Arrossos<\/h2>\n<div class=\"table-responsive alergenos__table\">\n<table class=\"table table-striped\">\n<tr style=\"background-color: #666666; color: white;\">\n<th>INFORMACI\u00d3 SOBRE PRODUCTES (Al\u00b7l\u00e8rgens i Intoler\u00e0ncies)<\/th>\n<th>Arr\u00f2s basmati<\/th>\n<th>Arr\u00f2s bomba<\/th>\n<th>Arr\u00f2s ecol\u00f2gic<\/th>\n<th>Arr\u00f2s integral<\/th>\n<th>Arr\u00f2s llarg<\/th>\n<th>Arr\u00f2s red\u00f3 extra<\/th>\n<th>Arr\u00f2s risotto<\/th>\n<th>Arr\u00f2s salvatge<\/th>\n<th>Arr\u00f2s + vaporitzat<\/th>\n<th>Arr\u00f2s salvatge amb arr\u00f2s llarg i verdures<\/th>\n<th>Arr\u00f2s thai<\/th>\n<th>Arr\u00f2s vaporitzat llarg<\/th>\n<\/tr>\n<tr>\n<td>Llet i derivats, inclosa la lactosa<\/td>\n<td><\/td>\n<td><\/td>\n<td><\/td>\n<td><\/td>\n<td><\/td>\n<td><\/td>\n<td><\/td>\n<td><\/td>\n<td><\/td>\n<td><i class=\"fa fa-check\" style=\"color:#436184\"><\/i><\/td>\n<td><\/td>\n<td><\/td>\n<\/tr>\n<tr>\n<td>Ou i productes a base d&#8217;ous<\/td>\n<td><\/td>\n<td><\/td>\n<td><\/td>\n<td><\/td>\n<td><\/td>\n<td><\/td>\n<td><\/td>\n<td><\/td>\n<td><\/td>\n<td><\/td>\n<td><\/td>\n<td><\/td>\n<\/tr>\n<tr>\n<td>Cereals que continguin gluten<\/td>\n<td><\/td>\n<td><\/td>\n<td><\/td>\n<td><\/td>\n<td><\/td>\n<td><\/td>\n<td><\/td>\n<td><\/td>\n<td><\/td>\n<td><\/td>\n<td><\/td>\n<td><\/td>\n<\/tr>\n<tr>\n<td>Cacauets i productes a base de cacauets<\/td>\n<td><\/td>\n<td><\/td>\n<td><\/td>\n<td><\/td>\n<td><\/td>\n<td><\/td>\n<td><\/td>\n<td><\/td>\n<td><\/td>\n<td><\/td>\n<td><\/td>\n<td><\/td>\n<\/tr>\n<tr>\n<td>Fruits de closca<\/td>\n<td><\/td>\n<td><\/td>\n<td><\/td>\n<td><\/td>\n<td><\/td>\n<td><\/td>\n<td><\/td>\n<td><\/td>\n<td><\/td>\n<td><\/td>\n<td><\/td>\n<td><\/td>\n<\/tr>\n<tr>\n<td>Crustacis i productes a base de crustacis<\/td>\n<td><\/td>\n<td><\/td>\n<td><\/td>\n<td><\/td>\n<td><\/td>\n<td><\/td>\n<td><\/td>\n<td><\/td>\n<td><\/td>\n<td><\/td>\n<td><\/td>\n<td><\/td>\n<\/tr>\n<tr>\n<td>Peix i productes a base de peix<\/td>\n<td><\/td>\n<td><\/td>\n<td><\/td>\n<td><\/td>\n<td><\/td>\n<td><\/td>\n<td><\/td>\n<td><\/td>\n<td><\/td>\n<td><\/td>\n<td><\/td>\n<td><\/td>\n<\/tr>\n<tr>\n<td>Soja i productes a base de soja<\/td>\n<td><\/td>\n<td><\/td>\n<td><\/td>\n<td><\/td>\n<td><\/td>\n<td><\/td>\n<td><\/td>\n<td><\/td>\n<td><\/td>\n<td><\/td>\n<td><\/td>\n<td><\/td>\n<\/tr>\n<tr>\n<td>Api i productes a base d&#8217;api<\/td>\n<td><\/td>\n<td><\/td>\n<td><\/td>\n<td><\/td>\n<td><\/td>\n<td><\/td>\n<td><\/td>\n<td><\/td>\n<td><\/td>\n<td><\/td>\n<td><\/td>\n<td><\/td>\n<\/tr>\n<tr>\n<td>Mostassa i productes derivats<\/td>\n<td><\/td>\n<td><\/td>\n<td><\/td>\n<td><\/td>\n<td><\/td>\n<td><\/td>\n<td><\/td>\n<td><\/td>\n<td><\/td>\n<td><\/td>\n<td><\/td>\n<td><\/td>\n<\/tr>\n<tr>\n<td>Grans de s\u00e8sam i productes a base de grans de s\u00e8sam<\/td>\n<td><\/td>\n<td><\/td>\n<td><\/td>\n<td><\/td>\n<td><\/td>\n<td><\/td>\n<td><\/td>\n<td><\/td>\n<td><\/td>\n<td><\/td>\n<td><\/td>\n<td><\/td>\n<\/tr>\n<tr>\n<td>Anh\u00eddrid sulfur\u00f3s i sulfits SO2&gt; 10mg\/kg<\/td>\n<td><\/td>\n<td><\/td>\n<td><\/td>\n<td><\/td>\n<td><\/td>\n<td><\/td>\n<td><\/td>\n<td><\/td>\n<td><\/td>\n<td><\/td>\n<td><\/td>\n<td><\/td>\n<\/tr>\n<tr>\n<td>Tramussos i productes a base de tramussos<\/td>\n<td><\/td>\n<td><\/td>\n<td><\/td>\n<td><\/td>\n<td><\/td>\n<td><\/td>\n<td><\/td>\n<td><\/td>\n<td><\/td>\n<td><\/td>\n<td><\/td>\n<td><\/td>\n<\/tr>\n<tr>\n<td>Mol\u00b7luscs i productes a base de mol\u00b7luscs<\/td>\n<td><\/td>\n<td><\/td>\n<td><\/td>\n<td><\/td>\n<td><\/td>\n<td><\/td>\n<td><\/td>\n<td><\/td>\n<td><\/td>\n<td><\/td>\n<td><\/td>\n<td><\/td>\n<\/tr>\n<tr>\n<td>Traces<\/td>\n<td><\/td>\n<td><\/td>\n<td><\/td>\n<td><\/td>\n<td><\/td>\n<td><\/td>\n<td><\/td>\n<td><\/td>\n<td><\/td>\n<td>Gluten soja i api<\/td>\n<td><\/td>\n<td><\/td>\n<\/tr>\n<\/tbody>\n<\/table>\n<\/div>\n<h2>Farines i s\u00e8moles<\/h2>\n<div class=\"table-responsive alergenos__table\">\n<table class=\"table table-striped\">\n<tr style=\"background-color: #666666; color: white;\">\n<th>INFORMACI\u00d3 SOBRE PRODUCTES (Al\u00b7l\u00e8rgens i Intoler\u00e0ncies)<\/th>\n<th>Farina d&#8217;arr\u00f2s<\/th>\n<th>S\u00e8mola d&#8217;arr\u00f2s<\/th>\n<th>Farina de blat<\/th>\n<th>Farina de blat integral<\/th>\n<th>S\u00e8mola de blat<\/th>\n<\/tr>\n<tr>\n<td>Llet i derivats, inclosa la lactosa<\/td>\n<td><\/td>\n<td><\/td>\n<td><\/td>\n<td><\/td>\n<td><\/td>\n<\/tr>\n<tr>\n<td>Ou i productes a base d&#8217;ous<\/td>\n<td><\/td>\n<td><\/td>\n<td><\/td>\n<td><\/td>\n<td><\/td>\n<\/tr>\n<tr>\n<td>Cereals que continguin gluten<\/td>\n<td><\/td>\n<td><\/td>\n<td><i class=\"fa fa-check\" style=\"color:#436184\"><\/i><\/td>\n<td><i class=\"fa fa-check\" style=\"color:#436184\"><\/i><\/td>\n<td><i class=\"fa fa-check\" style=\"color:#436184\"><\/i><\/td>\n<\/tr>\n<tr>\n<td>Cacauets i productes a base de cacauets<\/td>\n<td><\/td>\n<td><\/td>\n<td><\/td>\n<td><\/td>\n<td><\/td>\n<\/tr>\n<tr>\n<td>Fruits de closca<\/td>\n<td><\/td>\n<td><\/td>\n<td><\/td>\n<td><\/td>\n<td><\/td>\n<\/tr>\n<tr>\n<td>Crustacis i productes a base de crustacis<\/td>\n<td><\/td>\n<td><\/td>\n<td><\/td>\n<td><\/td>\n<td><\/td>\n<\/tr>\n<tr>\n<td>Peix i productes a base de peix<\/td>\n<td><\/td>\n<td><\/td>\n<td><\/td>\n<td><\/td>\n<td><\/td>\n<\/tr>\n<tr>\n<td>Soja i productes a base de soja<\/td>\n<td><\/td>\n<td><\/td>\n<td><\/td>\n<td><\/td>\n<td><\/td>\n<\/tr>\n<tr>\n<td>Api i productes a base d&#8217;api<\/td>\n<td><\/td>\n<td><\/td>\n<td><\/td>\n<td><\/td>\n<td><\/td>\n<\/tr>\n<tr>\n<td>Mostassa i productes derivats<\/td>\n<td><\/td>\n<td><\/td>\n<td><\/td>\n<td><\/td>\n<td><\/td>\n<\/tr>\n<tr>\n<td>Grans de s\u00e8sam i productes a base de grans de s\u00e8sam<\/td>\n<td><\/td>\n<td><\/td>\n<td><\/td>\n<td><\/td>\n<td><\/td>\n<\/tr>\n<tr>\n<td>Anh\u00eddrid sulfur\u00f3s i sulfits SO2&gt; 10mg\/kg<\/td>\n<td><\/td>\n<td><\/td>\n<td><\/td>\n<td><\/td>\n<td><\/td>\n<\/tr>\n<tr>\n<td>Tramussos i productes a base de tramussos<\/td>\n<td><\/td>\n<td><\/td>\n<td><\/td>\n<td><\/td>\n<td><\/td>\n<\/tr>\n<tr>\n<td>Mol\u00b7luscs i productes a base de mol\u00b7luscs<\/td>\n<td><\/td>\n<td><\/td>\n<td><\/td>\n<td><\/td>\n<td><\/td>\n<\/tr>\n<tr>\n<td>Traces<\/td>\n<td><\/td>\n<td><\/td>\n<td><\/td>\n<td><\/td>\n<td><\/td>\n<\/tr>\n<\/table>\n<\/div>\n<h2>Altres productes<\/h2>\n<div class=\"table-responsive alergenos__table\">\n<table class=\"table table-striped\">\n<tr style=\"background-color: #666666; color: white;\">\n<th>INFORMACI\u00d3 SOBRE PRODUCTES (Al\u00b7l\u00e8rgens i Intoler\u00e0ncies)<\/th>\n<th>Blat tendre<\/th>\n<th>Pa ratllat<\/th>\n<th>Pa arrebossar<\/th>\n<th>Pur\u00e9 de patates<\/th>\n<th>Pur\u00e9 de patates amb llet<\/th>\n<th>Cous cous<\/th>\n<th>Arr\u00f2s negre<\/th>\n<th>Fideu\u00e0<\/th>\n<\/tr>\n<tr>\n<td>Llet i derivats, inclosa la lactosa<\/td>\n<td><\/td>\n<td><\/td>\n<td><\/td>\n<td><\/td>\n<td><i class=\"fa fa-check\" style=\"color:#436184\"><\/i><\/td>\n<td><\/td>\n<td><\/td>\n<td><\/td>\n<\/tr>\n<tr>\n<td>Ou i productes a base d&#8217;ous<\/td>\n<td><\/td>\n<td><\/td>\n<td><\/td>\n<td><\/td>\n<td><\/td>\n<td><\/td>\n<td><\/td>\n<td><\/td>\n<\/tr>\n<tr>\n<td>Cereals que continguin gluten<\/td>\n<td><i class=\"fa fa-check\" style=\"color:#436184\"><\/i><\/td>\n<td><i class=\"fa fa-check\" style=\"color:#436184\"><\/i><\/td>\n<td><i class=\"fa fa-check\" style=\"color:#436184\"><\/i><\/td>\n<td><\/td>\n<td><\/td>\n<td><i class=\"fa fa-check\" style=\"color:#436184\"><\/i><\/td>\n<td><\/td>\n<td><i class=\"fa fa-check\" style=\"color:#436184\"><\/i><\/td>\n<\/tr>\n<tr>\n<td>Cacauets i productes a base de cacauets<\/td>\n<td><\/td>\n<td><\/td>\n<td><\/td>\n<td><\/td>\n<td><\/td>\n<td><\/td>\n<td><\/td>\n<td><\/td>\n<\/tr>\n<tr>\n<td>Fruits de closca<\/td>\n<td><\/td>\n<td><\/td>\n<td><\/td>\n<td><\/td>\n<td><\/td>\n<td><\/td>\n<td><\/td>\n<td><\/td>\n<td><\/td>\n<\/tr>\n<tr>\n<td>Crustacis i productes a base de crustacis<\/td>\n<td><\/td>\n<td><\/td>\n<td><\/td>\n<td><\/td>\n<td><\/td>\n<td><\/td>\n<td><i class=\"fa fa-check\" style=\"color:#436184\"><\/i><\/td>\n<td><i class=\"fa fa-check\" style=\"color:#436184\"><\/i><\/td>\n<\/tr>\n<tr>\n<td>Peix i productes a base de peix<\/td>\n<td><\/td>\n<td><\/td>\n<td><\/td>\n<td><\/td>\n<td><\/td>\n<td><\/td>\n<td><i class=\"fa fa-check\" style=\"color:#436184\"><\/i><\/td>\n<td><i class=\"fa fa-check\" style=\"color:#436184\"><\/i><\/td>\n<\/tr>\n<tr>\n<td>Soja i productes a base de soja<\/td>\n<td><\/td>\n<td><\/td>\n<td><\/td>\n<td><\/td>\n<td><\/td>\n<td><\/td>\n<td><\/td>\n<td><\/td>\n<\/tr>\n<tr>\n<td>Api i productes a base d&#8217;api<\/td>\n<td><\/td>\n<td><\/td>\n<td><\/td>\n<td><\/td>\n<td><\/td>\n<td><\/td>\n<td><\/td>\n<td><\/td>\n<\/tr>\n<tr>\n<td>Mostassa i productes derivats<\/td>\n<td><\/td>\n<td><\/td>\n<td><\/td>\n<td><\/td>\n<td><\/td>\n<td><\/td>\n<td><\/td>\n<td><\/td>\n<\/tr>\n<tr>\n<td>Grans de s\u00e8sam i productes a base de grans de s\u00e8sam<\/td>\n<td><\/td>\n<td><\/td>\n<td><\/td>\n<td><\/td>\n<td><\/td>\n<td><\/td>\n<td><\/td>\n<td><\/td>\n<\/tr>\n<tr>\n<td>Anh\u00eddrid sulfur\u00f3s i sulfits SO2&gt; 10mg\/kg<\/td>\n<td><\/td>\n<td><\/td>\n<td><\/td>\n<td><i class=\"fa fa-check\" style=\"color:#436184\"><\/i><\/td>\n<td><i class=\"fa fa-check\" style=\"color:#436184\"><\/i><\/td>\n<td><\/td>\n<td><\/td>\n<td><\/td>\n<\/tr>\n<tr>\n<td>Tramussos i productes a base de tramussos<\/td>\n<td><\/td>\n<td><\/td>\n<td><\/td>\n<td><\/td>\n<td><\/td>\n<td><\/td>\n<td><\/td>\n<td><\/td>\n<\/tr>\n<tr>\n<td>Mol\u00b7luscs i productes a base de mol\u00b7luscs<\/td>\n<td><\/td>\n<td><\/td>\n<td><\/td>\n<td><\/td>\n<td><\/td>\n<td><\/td>\n<td><i class=\"fa fa-check\" style=\"color:#436184\"><\/i><\/td>\n<td><i class=\"fa fa-check\" style=\"color:#436184\"><\/i><\/td>\n<\/tr>\n<tr>\n<td>Traces<\/td>\n<td><\/td>\n<td><\/td>\n<td><\/td>\n<td>Llet<\/td>\n<td><\/td>\n<td><\/td>\n<td><\/td>\n<td><\/td>\n<\/tr>\n<\/table>\n<\/div>\n<div style=\"height:58px;\"><\/div>\n","protected":false},"excerpt":{"rendered":"<p>Arrossos INFORMACI\u00d3 SOBRE PRODUCTES (Al\u00b7l\u00e8rgens i Intoler\u00e0ncies) Arr\u00f2s basmati Arr\u00f2s bomba Arr\u00f2s ecol\u00f2gic Arr\u00f2s integral Arr\u00f2s llarg Arr\u00f2s red\u00f3 extra Arr\u00f2s risotto Arr\u00f2s salvatge Arr\u00f2s + vaporitzat Arr\u00f2s salvatge amb arr\u00f2s llarg i verdures Arr\u00f2s thai Arr\u00f2s vaporitzat llarg Llet i derivats, inclosa la lactosa Ou i productes a base d&#8217;ous Cereals que continguin gluten [&hellip;]<\/p>\n","protected":false},"author":1,"featured_media":0,"parent":0,"menu_order":0,"comment_status":"closed","ping_status":"closed","template":"","meta":{"_acf_changed":false,"_et_pb_use_builder":"","_et_pb_old_content":"","_et_gb_content_width":"","inline_featured_image":false,"footnotes":""},"class_list":["post-911","page","type-page","status-publish","hentry"],"acf":[],"yoast_head":"<!-- This site is optimized with the Yoast SEO plugin v27.3 - https:\/\/yoast.com\/product\/yoast-seo-wordpress\/ -->\n<title>Taula d\u2019al\u00b7l\u00e8rgens - Al\u00b7l\u00e8rgens i intoler\u00e0ncies - Nomen<\/title>\n<meta name=\"description\" content=\"Accedeix a la nostra web i consulta la nostra taula d\u2019al\u00b7l\u00e8rgens i intoler\u00e0ncies. Tota la informaci\u00f3 sobre al\u00b7l\u00e8rgens i intoler\u00e0ncies a Nomen.\" \/>\n<meta name=\"robots\" content=\"index, follow, max-snippet:-1, max-image-preview:large, max-video-preview:-1\" \/>\n<link rel=\"canonical\" href=\"https:\/\/nomen.es\/ca\/taula-dalergens\/\" \/>\n<meta property=\"og:locale\" content=\"ca_ES\" \/>\n<meta property=\"og:type\" content=\"article\" \/>\n<meta property=\"og:title\" content=\"Taula d\u2019al\u00b7l\u00e8rgens - Al\u00b7l\u00e8rgens i intoler\u00e0ncies - Nomen\" \/>\n<meta property=\"og:description\" content=\"Accedeix a la nostra web i consulta la nostra taula d\u2019al\u00b7l\u00e8rgens i intoler\u00e0ncies. Tota la informaci\u00f3 sobre al\u00b7l\u00e8rgens i intoler\u00e0ncies a Nomen.\" \/>\n<meta property=\"og:url\" content=\"https:\/\/nomen.es\/ca\/taula-dalergens\/\" \/>\n<meta property=\"og:site_name\" content=\"Nomen\" \/>\n<meta property=\"article:modified_time\" content=\"2024-02-27T15:32:38+00:00\" \/>\n<meta name=\"twitter:label1\" content=\"Temps estimat de lectura\" \/>\n\t<meta name=\"twitter:data1\" content=\"2 minuts\" \/>\n<script type=\"application\/ld+json\" class=\"yoast-schema-graph\">{\"@context\":\"https:\\\/\\\/schema.org\",\"@graph\":[{\"@type\":\"WebPage\",\"@id\":\"https:\\\/\\\/nomen.es\\\/ca\\\/taula-dalergens\\\/\",\"url\":\"https:\\\/\\\/nomen.es\\\/ca\\\/taula-dalergens\\\/\",\"name\":\"Taula d\u2019al\u00b7l\u00e8rgens - Al\u00b7l\u00e8rgens i intoler\u00e0ncies - Nomen\",\"isPartOf\":{\"@id\":\"https:\\\/\\\/nomen.es\\\/#website\"},\"datePublished\":\"2015-10-28T00:26:18+00:00\",\"dateModified\":\"2024-02-27T15:32:38+00:00\",\"description\":\"Accedeix a la nostra web i consulta la nostra taula d\u2019al\u00b7l\u00e8rgens i intoler\u00e0ncies. Tota la informaci\u00f3 sobre al\u00b7l\u00e8rgens i intoler\u00e0ncies a Nomen.\",\"breadcrumb\":{\"@id\":\"https:\\\/\\\/nomen.es\\\/ca\\\/taula-dalergens\\\/#breadcrumb\"},\"inLanguage\":\"ca\",\"potentialAction\":[{\"@type\":\"ReadAction\",\"target\":[\"https:\\\/\\\/nomen.es\\\/ca\\\/taula-dalergens\\\/\"]}]},{\"@type\":\"BreadcrumbList\",\"@id\":\"https:\\\/\\\/nomen.es\\\/ca\\\/taula-dalergens\\\/#breadcrumb\",\"itemListElement\":[{\"@type\":\"ListItem\",\"position\":1,\"name\":\"Portada\",\"item\":\"https:\\\/\\\/nomen.es\\\/ca\\\/\"},{\"@type\":\"ListItem\",\"position\":2,\"name\":\"Taula d&#8217;al\u00b7l\u00e8rgens\"}]},{\"@type\":\"WebSite\",\"@id\":\"https:\\\/\\\/nomen.es\\\/#website\",\"url\":\"https:\\\/\\\/nomen.es\\\/\",\"name\":\"Nomen\",\"description\":\"Mucho m\u00e1s que arroz\",\"potentialAction\":[{\"@type\":\"SearchAction\",\"target\":{\"@type\":\"EntryPoint\",\"urlTemplate\":\"https:\\\/\\\/nomen.es\\\/?s={search_term_string}\"},\"query-input\":{\"@type\":\"PropertyValueSpecification\",\"valueRequired\":true,\"valueName\":\"search_term_string\"}}],\"inLanguage\":\"ca\"}]}<\/script>\n<!-- \/ Yoast SEO plugin. -->","yoast_head_json":{"title":"Taula d\u2019al\u00b7l\u00e8rgens - Al\u00b7l\u00e8rgens i intoler\u00e0ncies - Nomen","description":"Accedeix a la nostra web i consulta la nostra taula d\u2019al\u00b7l\u00e8rgens i intoler\u00e0ncies. Tota la informaci\u00f3 sobre al\u00b7l\u00e8rgens i intoler\u00e0ncies a Nomen.","robots":{"index":"index","follow":"follow","max-snippet":"max-snippet:-1","max-image-preview":"max-image-preview:large","max-video-preview":"max-video-preview:-1"},"canonical":"https:\/\/nomen.es\/ca\/taula-dalergens\/","og_locale":"ca_ES","og_type":"article","og_title":"Taula d\u2019al\u00b7l\u00e8rgens - Al\u00b7l\u00e8rgens i intoler\u00e0ncies - Nomen","og_description":"Accedeix a la nostra web i consulta la nostra taula d\u2019al\u00b7l\u00e8rgens i intoler\u00e0ncies. Tota la informaci\u00f3 sobre al\u00b7l\u00e8rgens i intoler\u00e0ncies a Nomen.","og_url":"https:\/\/nomen.es\/ca\/taula-dalergens\/","og_site_name":"Nomen","article_modified_time":"2024-02-27T15:32:38+00:00","twitter_misc":{"Temps estimat de lectura":"2 minuts"},"schema":{"@context":"https:\/\/schema.org","@graph":[{"@type":"WebPage","@id":"https:\/\/nomen.es\/ca\/taula-dalergens\/","url":"https:\/\/nomen.es\/ca\/taula-dalergens\/","name":"Taula d\u2019al\u00b7l\u00e8rgens - Al\u00b7l\u00e8rgens i intoler\u00e0ncies - Nomen","isPartOf":{"@id":"https:\/\/nomen.es\/#website"},"datePublished":"2015-10-28T00:26:18+00:00","dateModified":"2024-02-27T15:32:38+00:00","description":"Accedeix a la nostra web i consulta la nostra taula d\u2019al\u00b7l\u00e8rgens i intoler\u00e0ncies. Tota la informaci\u00f3 sobre al\u00b7l\u00e8rgens i intoler\u00e0ncies a Nomen.","breadcrumb":{"@id":"https:\/\/nomen.es\/ca\/taula-dalergens\/#breadcrumb"},"inLanguage":"ca","potentialAction":[{"@type":"ReadAction","target":["https:\/\/nomen.es\/ca\/taula-dalergens\/"]}]},{"@type":"BreadcrumbList","@id":"https:\/\/nomen.es\/ca\/taula-dalergens\/#breadcrumb","itemListElement":[{"@type":"ListItem","position":1,"name":"Portada","item":"https:\/\/nomen.es\/ca\/"},{"@type":"ListItem","position":2,"name":"Taula d&#8217;al\u00b7l\u00e8rgens"}]},{"@type":"WebSite","@id":"https:\/\/nomen.es\/#website","url":"https:\/\/nomen.es\/","name":"Nomen","description":"Mucho m\u00e1s que arroz","potentialAction":[{"@type":"SearchAction","target":{"@type":"EntryPoint","urlTemplate":"https:\/\/nomen.es\/?s={search_term_string}"},"query-input":{"@type":"PropertyValueSpecification","valueRequired":true,"valueName":"search_term_string"}}],"inLanguage":"ca"}]}},"_links":{"self":[{"href":"https:\/\/nomen.es\/ca\/wp-json\/wp\/v2\/pages\/911","targetHints":{"allow":["GET"]}}],"collection":[{"href":"https:\/\/nomen.es\/ca\/wp-json\/wp\/v2\/pages"}],"about":[{"href":"https:\/\/nomen.es\/ca\/wp-json\/wp\/v2\/types\/page"}],"author":[{"embeddable":true,"href":"https:\/\/nomen.es\/ca\/wp-json\/wp\/v2\/users\/1"}],"replies":[{"embeddable":true,"href":"https:\/\/nomen.es\/ca\/wp-json\/wp\/v2\/comments?post=911"}],"version-history":[{"count":0,"href":"https:\/\/nomen.es\/ca\/wp-json\/wp\/v2\/pages\/911\/revisions"}],"wp:attachment":[{"href":"https:\/\/nomen.es\/ca\/wp-json\/wp\/v2\/media?parent=911"}],"curies":[{"name":"wp","href":"https:\/\/api.w.org\/{rel}","templated":true}]}}